{"id":8625,"date":"2025-11-25T10:15:46","date_gmt":"2025-11-25T07:15:46","guid":{"rendered":"https:\/\/kurtsanfood.com\/tr\/?page_id=8625"},"modified":"2025-11-25T10:17:22","modified_gmt":"2025-11-25T07:17:22","slug":"our-certificates","status":"publish","type":"page","link":"https:\/\/kurtsanfood.com\/tr\/en\/our-certificates\/","title":{"rendered":"Our Certificates"},"content":{"rendered":"\t\t<div data-elementor-type=\"wp-page\" data-elementor-id=\"8625\" class=\"elementor elementor-8625\">\n\t\t\t\t<div class=\"elementor-element elementor-element-811dc06 e-flex e-con-boxed e-con e-parent\" data-id=\"811dc06\" data-element_type=\"container\">\n\t\t\t\t\t<div class=\"e-con-inner\">\n\t\t<div class=\"elementor-element elementor-element-9b1be92 e-con-full e-flex e-con e-child\" data-id=\"9b1be92\" data-element_type=\"container\">\n\t\t\t\t<div class=\"elementor-element elementor-element-f90a5e1 elementor-invisible elementor-widget elementor-widget-image\" data-id=\"f90a5e1\" data-element_type=\"widget\" data-settings=\"{&quot;_animation&quot;:&quot;zoomIn&quot;}\" data-widget_type=\"image.default\">\n\t\t\t\t<div class=\"elementor-widget-container\">\n\t\t\t\t\t\t\t\t\t\t\t\t\t\t\t<img fetchpriority=\"high\" decoding=\"async\" width=\"1024\" height=\"1024\" src=\"https:\/\/kurtsanfood.com\/tr\/wp-content\/uploads\/2025\/11\/ChatGPT-Image-24-Kas-2025-13_06_00.png\" class=\"attachment-large size-large wp-image-8556\" alt=\"chatgpt image 24 kas 2025 13 06 00\" srcset=\"https:\/\/kurtsanfood.com\/tr\/wp-content\/uploads\/2025\/11\/ChatGPT-Image-24-Kas-2025-13_06_00.png 1024w, https:\/\/kurtsanfood.com\/tr\/wp-content\/uploads\/2025\/11\/ChatGPT-Image-24-Kas-2025-13_06_00-300x300.png 300w, https:\/\/kurtsanfood.com\/tr\/wp-content\/uploads\/2025\/11\/ChatGPT-Image-24-Kas-2025-13_06_00-150x150.png 150w, https:\/\/kurtsanfood.com\/tr\/wp-content\/uploads\/2025\/11\/ChatGPT-Image-24-Kas-2025-13_06_00-768x768.png 768w, https:\/\/kurtsanfood.com\/tr\/wp-content\/uploads\/2025\/11\/ChatGPT-Image-24-Kas-2025-13_06_00-600x600.png 600w, https:\/\/kurtsanfood.com\/tr\/wp-content\/uploads\/2025\/11\/ChatGPT-Image-24-Kas-2025-13_06_00-100x100.png 100w\" sizes=\"(max-width: 1024px) 100vw, 1024px\" title=\"Our Certificates\">\t\t\t\t\t\t\t\t\t\t\t\t\t\t\t<\/div>\n\t\t\t\t<\/div>\n\t\t\t\t<\/div>\n\t\t<div class=\"elementor-element elementor-element-3ca96c4 e-con-full e-flex e-con e-child\" data-id=\"3ca96c4\" data-element_type=\"container\">\n\t\t\t\t<div class=\"elementor-element elementor-element-a849e98 elementor-invisible elementor-widget elementor-widget-text-editor\" data-id=\"a849e98\" data-element_type=\"widget\" data-settings=\"{&quot;_animation&quot;:&quot;zoomIn&quot;}\" data-widget_type=\"text-editor.default\">\n\t\t\t\t<div class=\"elementor-widget-container\">\n\t\t\t\t\t\t\t\t\t<p data-start=\"155\" data-end=\"442\"><span style=\"color: #339966;\">Our <span style=\"color: #ff0000;\">Certificates<\/span><\/span><\/p><p data-start=\"155\" data-end=\"442\"><span style=\"color: #339966;\">\u00a0<\/span><\/p><p data-start=\"155\" data-end=\"442\"><span style=\"color: #000000;\">Our production approach, which prioritizes quality, reliability, and sustainability, is documented by national and international standards. Our facilities are audited and certified under BRCGS, ISO 22000, and ISO 9001 quality management systems, ensuring the highest level of food safety.<\/span><\/p><p data-start=\"155\" data-end=\"442\"><span style=\"color: #000000;\">\u00a0<span style=\"font-style: inherit; font-weight: inherit;\">Furthermore, our products hold Halal and Kosher certifications in accordance with the requirements of various markets.<\/span><\/span><\/p><p data-start=\"155\" data-end=\"442\"><span style=\"color: #000000;\">\u00a0<span style=\"font-style: inherit; font-weight: inherit;\">These certifications provide the strongest evidence that all the products we offer our customers are reliable, traceable, and produced to the highest quality standards.<\/span><\/span><\/p>\t\t\t\t\t\t\t\t<\/div>\n\t\t\t\t<\/div>\n\t\t\t\t<\/div>\n\t\t\t\t\t<\/div>\n\t\t\t\t<\/div>\n\t\t<div class=\"elementor-element elementor-element-5a893d3 e-flex e-con-boxed e-con e-parent\" data-id=\"5a893d3\" data-element_type=\"container\">\n\t\t\t\t\t<div class=\"e-con-inner\">\n\t\t\t\t<div class=\"elementor-element elementor-element-3719e37 elementor-arrows-position-inside elementor-pagination-position-outside elementor-widget elementor-widget-image-carousel\" data-id=\"3719e37\" data-element_type=\"widget\" data-settings=\"{&quot;navigation&quot;:&quot;both&quot;,&quot;autoplay&quot;:&quot;yes&quot;,&quot;pause_on_hover&quot;:&quot;yes&quot;,&quot;pause_on_interaction&quot;:&quot;yes&quot;,&quot;autoplay_speed&quot;:5000,&quot;infinite&quot;:&quot;yes&quot;,&quot;speed&quot;:500}\" data-widget_type=\"image-carousel.default\">\n\t\t\t\t<div class=\"elementor-widget-container\">\n\t\t\t\t\t\t\t<div class=\"elementor-image-carousel-wrapper swiper\" role=\"region\" aria-roledescription=\"carousel\" aria-label=\"Resim D\u00f6ng\u00fcs\u00fc\" dir=\"ltr\">\n\t\t\t<div class=\"elementor-image-carousel swiper-wrapper\" aria-live=\"off\">\n\t\t\t\t\t\t\t\t<div class=\"swiper-slide\" role=\"group\" aria-roledescription=\"slide\" aria-label=\"1 \/ 4\"><figure class=\"swiper-slide-inner\"><img decoding=\"async\" class=\"swiper-slide-image\" src=\"https:\/\/kurtsanfood.com\/tr\/wp-content\/uploads\/2025\/11\/fssc22000.png\" alt=\"fssc22000\" title=\"Our Certificates\"><\/figure><\/div><div class=\"swiper-slide\" role=\"group\" aria-roledescription=\"slide\" aria-label=\"2 \/ 4\"><figure class=\"swiper-slide-inner\"><img decoding=\"async\" class=\"swiper-slide-image\" src=\"https:\/\/kurtsanfood.com\/tr\/wp-content\/uploads\/2025\/11\/REC27_Certificate_kosher.png\" alt=\"rec27 certificate kosher\" title=\"Our Certificates\"><\/figure><\/div><div class=\"swiper-slide\" role=\"group\" aria-roledescription=\"slide\" aria-label=\"3 \/ 4\"><figure class=\"swiper-slide-inner\"><img decoding=\"async\" class=\"swiper-slide-image\" src=\"https:\/\/kurtsanfood.com\/tr\/wp-content\/uploads\/2025\/11\/kosher2.png\" alt=\"kosher2\" title=\"Our Certificates\"><\/figure><\/div><div class=\"swiper-slide\" role=\"group\" aria-roledescription=\"slide\" aria-label=\"4 \/ 4\"><figure class=\"swiper-slide-inner\"><img decoding=\"async\" class=\"swiper-slide-image\" src=\"https:\/\/kurtsanfood.com\/tr\/wp-content\/uploads\/2025\/11\/REC27_Certificate_BRC-FD-041-DG_2025_Final.pdf.png\" alt=\"rec27 certificate brc fd 041 dg 2025 final.pdf\" title=\"Our Certificates\"><\/figure><\/div>\t\t\t<\/div>\n\t\t\t\t\t\t\t\t\t\t\t\t<div class=\"elementor-swiper-button elementor-swiper-button-prev\" role=\"button\" tabindex=\"0\">\n\t\t\t\t\t\t<i aria-hidden=\"true\" class=\"eicon-chevron-left\"><\/i>\t\t\t\t\t<\/div>\n\t\t\t\t\t<div class=\"elementor-swiper-button elementor-swiper-button-next\" role=\"button\" tabindex=\"0\">\n\t\t\t\t\t\t<i aria-hidden=\"true\" class=\"eicon-chevron-right\"><\/i>\t\t\t\t\t<\/div>\n\t\t\t\t\n\t\t\t\t\t\t\t\t\t<div class=\"swiper-pagination\"><\/div>\n\t\t\t\t\t\t\t\t\t<\/div>\n\t\t\t\t\t\t<\/div>\n\t\t\t\t<\/div>\n\t\t\t\t\t<\/div>\n\t\t\t\t<\/div>\n\t\t\t\t<\/div>\n\t\t","protected":false},"excerpt":{"rendered":"<p>Our Certificates \u00a0 Our production approach, which prioritizes quality, reliability, and sustainability, is documented by national and international standards. Our facilities are audited and certified under BRCGS, ISO 22000, and ISO 9001 quality management systems, ensuring the highest level of food safety. \u00a0Furthermore, our products hold Halal and Kosher certifications in accordance with the requirements [&hellip;]<\/p>\n","protected":false},"author":1,"featured_media":0,"parent":0,"menu_order":0,"comment_status":"closed","ping_status":"closed","template":"","meta":{"om_disable_all_campaigns":false,"inline_featured_image":false,"_monsterinsights_skip_tracking":false,"_monsterinsights_sitenote_active":false,"_monsterinsights_sitenote_note":"","_monsterinsights_sitenote_category":0,"site-sidebar-layout":"no-sidebar","site-content-layout":"page-builder","ast-site-content-layout":"full-width-container","site-content-style":"unboxed","site-sidebar-style":"unboxed","ast-global-header-display":"","ast-banner-title-visibility":"","ast-main-header-display":"","ast-hfb-above-header-display":"","ast-hfb-below-header-display":"","ast-hfb-mobile-header-display":"","site-post-title":"disabled","ast-breadcrumbs-content":"","ast-featured-img":"disabled","footer-sml-layout":"","theme-transparent-header-meta":"","adv-header-id-meta":"","stick-header-meta":"","header-above-stick-meta":"","header-main-stick-meta":"","header-below-stick-meta":"","astra-migrate-meta-layouts":"set","ast-page-background-enabled":"default","ast-page-background-meta":{"desktop":{"background-color":"","background-image":"","background-repeat":"repeat","background-position":"center center","background-size":"auto","background-attachment":"scroll","background-type":"","background-media":"","overlay-type":"","overlay-color":"","overlay-opacity":"","overlay-gradient":""},"tablet":{"background-color":"","background-image":"","background-repeat":"repeat","background-position":"center center","background-size":"auto","background-attachment":"scroll","background-type":"","background-media":"","overlay-type":"","overlay-color":"","overlay-opacity":"","overlay-gradient":""},"mobile":{"background-color":"","background-image":"","background-repeat":"repeat","background-position":"center center","background-size":"auto","background-attachment":"scroll","background-type":"","background-media":"","overlay-type":"","overlay-color":"","overlay-opacity":"","overlay-gradient":""}},"ast-content-background-meta":{"desktop":{"background-color":"var(--ast-global-color-5)","background-image":"","background-repeat":"repeat","background-position":"center center","background-size":"auto","background-attachment":"scroll","background-type":"","background-media":"","overlay-type":"","overlay-color":"","overlay-opacity":"","overlay-gradient":""},"tablet":{"background-color":"var(--ast-global-color-5)","background-image":"","background-repeat":"repeat","background-position":"center center","background-size":"auto","background-attachment":"scroll","background-type":"","background-media":"","overlay-type":"","overlay-color":"","overlay-opacity":"","overlay-gradient":""},"mobile":{"background-color":"var(--ast-global-color-5)","background-image":"","background-repeat":"repeat","background-position":"center center","background-size":"auto","background-attachment":"scroll","background-type":"","background-media":"","overlay-type":"","overlay-color":"","overlay-opacity":"","overlay-gradient":""}},"footnotes":""},"class_list":["post-8625","page","type-page","status-publish","hentry"],"aioseo_notices":[],"_links":{"self":[{"href":"https:\/\/kurtsanfood.com\/tr\/wp-json\/wp\/v2\/pages\/8625","targetHints":{"allow":["GET"]}}],"collection":[{"href":"https:\/\/kurtsanfood.com\/tr\/wp-json\/wp\/v2\/pages"}],"about":[{"href":"https:\/\/kurtsanfood.com\/tr\/wp-json\/wp\/v2\/types\/page"}],"author":[{"embeddable":true,"href":"https:\/\/kurtsanfood.com\/tr\/wp-json\/wp\/v2\/users\/1"}],"replies":[{"embeddable":true,"href":"https:\/\/kurtsanfood.com\/tr\/wp-json\/wp\/v2\/comments?post=8625"}],"version-history":[{"count":4,"href":"https:\/\/kurtsanfood.com\/tr\/wp-json\/wp\/v2\/pages\/8625\/revisions"}],"predecessor-version":[{"id":8629,"href":"https:\/\/kurtsanfood.com\/tr\/wp-json\/wp\/v2\/pages\/8625\/revisions\/8629"}],"wp:attachment":[{"href":"https:\/\/kurtsanfood.com\/tr\/wp-json\/wp\/v2\/media?parent=8625"}],"curies":[{"name":"wp","href":"https:\/\/api.w.org\/{rel}","templated":true}]}}