{"id":8519,"date":"2025-11-22T11:43:17","date_gmt":"2025-11-22T08:43:17","guid":{"rendered":"https:\/\/kurtsanfood.com\/tr\/?page_id=8519"},"modified":"2025-11-24T10:18:32","modified_gmt":"2025-11-24T07:18:32","slug":"hammadde-uretim","status":"publish","type":"page","link":"https:\/\/kurtsanfood.com\/tr\/hammadde-uretim\/","title":{"rendered":"Hammadde-\u00dcretim"},"content":{"rendered":"\t\t<div data-elementor-type=\"wp-page\" data-elementor-id=\"8519\" class=\"elementor elementor-8519\">\n\t\t\t\t<div class=\"elementor-element elementor-element-718d63e e-flex e-con-boxed e-con e-parent\" data-id=\"718d63e\" data-element_type=\"container\">\n\t\t\t\t\t<div class=\"e-con-inner\">\n\t\t<div class=\"elementor-element elementor-element-9768a4d e-con-full e-flex e-con e-child\" data-id=\"9768a4d\" data-element_type=\"container\">\n\t\t\t\t<div class=\"elementor-element elementor-element-1e432ce elementor-invisible elementor-widget elementor-widget-text-editor\" data-id=\"1e432ce\" data-element_type=\"widget\" data-settings=\"{&quot;_animation&quot;:&quot;zoomIn&quot;}\" data-widget_type=\"text-editor.default\">\n\t\t\t\t<div class=\"elementor-widget-container\">\n\t\t\t\t\t\t\t\t\t<p data-start=\"163\" data-end=\"565\">\u00a0<\/p><p data-start=\"163\" data-end=\"565\">\u00a0<\/p><p data-start=\"163\" data-end=\"565\"><span style=\"color: #339966;\">HAMMADDE<\/span> <span style=\"color: #ff0000;\">TEDAR\u0130K<\/span><\/p><p data-start=\"163\" data-end=\"565\">Firmam\u0131z, hem yurt i\u00e7i hem de yurt d\u0131\u015f\u0131 pazarlara <strong data-start=\"213\" data-end=\"248\">s\u00fczen po\u015fet kesim (tea bag cut)<\/strong> ve <strong data-start=\"252\" data-end=\"278\">iri kesim (coarse cut)<\/strong> formatlar\u0131nda, paketlemeye haz\u0131r <strong data-start=\"312\" data-end=\"338\">bitki ve meyve \u00e7aylar\u0131<\/strong> tedarik etmektedir. Tedarik zinciri s\u00fcre\u00e7lerimizin tamam\u0131nda; <strong data-start=\"401\" data-end=\"418\">y\u00fcksek kalite<\/strong>, <strong data-start=\"420\" data-end=\"430\">hijyen<\/strong>, <strong data-start=\"432\" data-end=\"450\">izlenebilirlik<\/strong> ve <strong data-start=\"454\" data-end=\"473\">rekabet\u00e7i fiyat<\/strong> prensiplerine ba\u011fl\u0131 kalarak m\u00fc\u015fterilerimize g\u00fcvenilir ve s\u00fcrd\u00fcr\u00fclebilir \u00e7\u00f6z\u00fcmler sunuyoruz.<\/p><p data-start=\"567\" data-end=\"927\">Yurt d\u0131\u015f\u0131 sevkiyatlar\u0131m\u0131z, m\u00fc\u015fterilerimizin talep ve operasyon planlar\u0131na uygun \u015fekilde <strong data-start=\"655\" data-end=\"667\">parsiyel<\/strong>, <strong data-start=\"669\" data-end=\"676\">TIR<\/strong> veya <strong data-start=\"682\" data-end=\"695\">konteyner<\/strong> baz\u0131nda ger\u00e7ekle\u015ftirilmektedir. Teslim s\u00fcre\u00e7lerimiz ise m\u00fc\u015fteri tercihine g\u00f6re <strong data-start=\"775\" data-end=\"782\">EXW<\/strong>, <strong data-start=\"784\" data-end=\"791\">FOB<\/strong> veya <strong data-start=\"797\" data-end=\"804\">CNF<\/strong> teslim \u015fekillerine uygun olarak yap\u0131lmakta; her a\u015famada do\u011fru lojistik y\u00f6netimi ve h\u0131zl\u0131 operasyon deste\u011fi sa\u011flanmaktad\u0131r.<\/p><p data-start=\"929\" data-end=\"1114\">G\u00fc\u00e7l\u00fc tedarik a\u011f\u0131m\u0131z, geni\u015f \u00fcr\u00fcn portf\u00f6y\u00fcm\u00fcz ve uluslararas\u0131 kalite standartlar\u0131na uygun \u00e7al\u0131\u015fma modelimiz ile m\u00fc\u015fterilerimize g\u00fcvenilir, esnek ve uzun vadeli i\u015f ortakl\u0131klar\u0131 sunuyoruz.<\/p>\t\t\t\t\t\t\t\t<\/div>\n\t\t\t\t<\/div>\n\t\t\t\t<\/div>\n\t\t<div class=\"elementor-element elementor-element-69e9771 e-con-full e-flex e-con e-child\" data-id=\"69e9771\" data-element_type=\"container\">\n\t\t\t\t<div class=\"elementor-element elementor-element-a0ec6a6 elementor-invisible elementor-widget elementor-widget-image\" data-id=\"a0ec6a6\" data-element_type=\"widget\" data-settings=\"{&quot;_animation&quot;:&quot;zoomIn&quot;}\" data-widget_type=\"image.default\">\n\t\t\t\t<div class=\"elementor-widget-container\">\n\t\t\t\t\t\t\t\t\t\t\t\t\t\t\t<img fetchpriority=\"high\" decoding=\"async\" width=\"1024\" height=\"1024\" src=\"https:\/\/kurtsanfood.com\/tr\/wp-content\/uploads\/2025\/11\/hmmd.png\" class=\"attachment-large size-large wp-image-8530\" alt=\"hmmd\" srcset=\"https:\/\/kurtsanfood.com\/tr\/wp-content\/uploads\/2025\/11\/hmmd.png 1024w, https:\/\/kurtsanfood.com\/tr\/wp-content\/uploads\/2025\/11\/hmmd-300x300.png 300w, https:\/\/kurtsanfood.com\/tr\/wp-content\/uploads\/2025\/11\/hmmd-150x150.png 150w, https:\/\/kurtsanfood.com\/tr\/wp-content\/uploads\/2025\/11\/hmmd-768x768.png 768w, https:\/\/kurtsanfood.com\/tr\/wp-content\/uploads\/2025\/11\/hmmd-600x600.png 600w, https:\/\/kurtsanfood.com\/tr\/wp-content\/uploads\/2025\/11\/hmmd-100x100.png 100w\" sizes=\"(max-width: 1024px) 100vw, 1024px\" title=\"Hammadde-\u00dcretim\">\t\t\t\t\t\t\t\t\t\t\t\t\t\t\t<\/div>\n\t\t\t\t<\/div>\n\t\t\t\t<\/div>\n\t\t\t\t\t<\/div>\n\t\t\t\t<\/div>\n\t\t<div class=\"elementor-element elementor-element-34e6aa4 e-flex e-con-boxed e-con e-parent\" data-id=\"34e6aa4\" data-element_type=\"container\">\n\t\t\t\t\t<div class=\"e-con-inner\">\n\t\t\t\t<div class=\"elementor-element elementor-element-f3f8293 elementor-widget elementor-widget-image\" data-id=\"f3f8293\" data-element_type=\"widget\" data-widget_type=\"image.default\">\n\t\t\t\t<div class=\"elementor-widget-container\">\n\t\t\t\t\t\t\t\t\t\t\t\t\t\t\t<img decoding=\"async\" width=\"209\" height=\"90\" src=\"https:\/\/kurtsanfood.com\/tr\/wp-content\/uploads\/2021\/03\/basil-leaf.png\" class=\"attachment-large size-large wp-image-5982\" alt=\"basil leaf\" title=\"Hammadde-\u00dcretim\">\t\t\t\t\t\t\t\t\t\t\t\t\t\t\t<\/div>\n\t\t\t\t<\/div>\n\t\t\t\t\t<\/div>\n\t\t\t\t<\/div>\n\t\t<div class=\"elementor-element elementor-element-0a70927 e-flex e-con-boxed e-con e-parent\" data-id=\"0a70927\" data-element_type=\"container\">\n\t\t\t\t\t<div class=\"e-con-inner\">\n\t\t<div class=\"elementor-element elementor-element-1f0443f e-con-full e-flex e-con e-child\" data-id=\"1f0443f\" data-element_type=\"container\">\n\t\t\t\t<div class=\"elementor-element elementor-element-1a156b2 elementor-widget elementor-widget-image\" data-id=\"1a156b2\" data-element_type=\"widget\" data-widget_type=\"image.default\">\n\t\t\t\t<div class=\"elementor-widget-container\">\n\t\t\t\t\t\t\t\t\t\t\t\t\t\t\t<img decoding=\"async\" width=\"1024\" height=\"1024\" src=\"https:\/\/kurtsanfood.com\/tr\/wp-content\/uploads\/2025\/11\/urt.png\" class=\"attachment-large size-large wp-image-8531\" alt=\"u\u0308rt\" srcset=\"https:\/\/kurtsanfood.com\/tr\/wp-content\/uploads\/2025\/11\/urt.png 1024w, https:\/\/kurtsanfood.com\/tr\/wp-content\/uploads\/2025\/11\/urt-300x300.png 300w, https:\/\/kurtsanfood.com\/tr\/wp-content\/uploads\/2025\/11\/urt-150x150.png 150w, https:\/\/kurtsanfood.com\/tr\/wp-content\/uploads\/2025\/11\/urt-768x768.png 768w, https:\/\/kurtsanfood.com\/tr\/wp-content\/uploads\/2025\/11\/urt-600x600.png 600w, https:\/\/kurtsanfood.com\/tr\/wp-content\/uploads\/2025\/11\/urt-100x100.png 100w\" sizes=\"(max-width: 1024px) 100vw, 1024px\" title=\"Hammadde-\u00dcretim\">\t\t\t\t\t\t\t\t\t\t\t\t\t\t\t<\/div>\n\t\t\t\t<\/div>\n\t\t\t\t<\/div>\n\t\t<div class=\"elementor-element elementor-element-72d1e4c e-con-full e-flex e-con e-child\" data-id=\"72d1e4c\" data-element_type=\"container\">\n\t\t\t\t<div class=\"elementor-element elementor-element-2a44010 elementor-invisible elementor-widget elementor-widget-text-editor\" data-id=\"2a44010\" data-element_type=\"widget\" data-settings=\"{&quot;_animation&quot;:&quot;zoomIn&quot;}\" data-widget_type=\"text-editor.default\">\n\t\t\t\t<div class=\"elementor-widget-container\">\n\t\t\t\t\t\t\t\t\t<p>\u00a0<\/p><p>\u00a0<\/p><p class=\"p1\"><span class=\"s1\" style=\"color: #339966;\"><b>\u00dcRET\u0130M <\/b><span style=\"color: #ff0000;\"><b>S\u00dcREC\u0130M\u0130Z<\/b><\/span><\/span><\/p><p data-start=\"249\" data-end=\"543\">\u00dcretimimizi, <strong data-start=\"276\" data-end=\"336\">y\u00fcksek hijyen standartlar\u0131na sahip modern tesislerimizde<\/strong> ve <strong data-start=\"340\" data-end=\"382\">uluslararas\u0131 g\u0131da g\u00fcvenli\u011fi normlar\u0131na<\/strong> uygun \u015fekilde ger\u00e7ekle\u015ftiriyoruz. Bitki ve meyve \u00e7aylar\u0131m\u0131z; kalite, g\u00fcvenlik ve izlenebilirlik esas al\u0131narak tamamen kontroll\u00fc bir s\u00fcre\u00e7 i\u00e7erisinde haz\u0131rlan\u0131r.<\/p><p data-start=\"545\" data-end=\"852\">Tesislerimizde yer alan <strong data-start=\"569\" data-end=\"637\">otomatik eleme, temizleme, ay\u0131klama, kar\u0131\u015ft\u0131rma ve dolum hatlar\u0131<\/strong> sayesinde \u00fcr\u00fcnlerimiz hem h\u0131zl\u0131 hem de hatas\u0131z bi\u00e7imde i\u015flenir. G\u0131da m\u00fchendislerimiz taraf\u0131ndan yap\u0131lan <strong data-start=\"742\" data-end=\"763\">girdi kontrolleri<\/strong> ile her bitki, \u00fcretime al\u0131nmadan \u00f6nce mikrobiyolojik ve fiziksel analizlerden ge\u00e7irilir.<\/p><p data-start=\"854\" data-end=\"872\">\u00a0<\/p>\t\t\t\t\t\t\t\t<\/div>\n\t\t\t\t<\/div>\n\t\t\t\t<\/div>\n\t\t\t\t\t<\/div>\n\t\t\t\t<\/div>\n\t\t<div class=\"elementor-element elementor-element-2c30f8f e-flex e-con-boxed e-con e-parent\" data-id=\"2c30f8f\" data-element_type=\"container\">\n\t\t\t\t\t<div class=\"e-con-inner\">\n\t\t\t\t<div class=\"elementor-element elementor-element-ec397a1 elementor-widget elementor-widget-image\" data-id=\"ec397a1\" data-element_type=\"widget\" data-widget_type=\"image.default\">\n\t\t\t\t<div class=\"elementor-widget-container\">\n\t\t\t\t\t\t\t\t\t\t\t\t\t\t\t<img decoding=\"async\" width=\"209\" height=\"90\" src=\"https:\/\/kurtsanfood.com\/tr\/wp-content\/uploads\/2021\/03\/basil-leaf.png\" class=\"attachment-large size-large wp-image-5982\" alt=\"basil leaf\" title=\"Hammadde-\u00dcretim\">\t\t\t\t\t\t\t\t\t\t\t\t\t\t\t<\/div>\n\t\t\t\t<\/div>\n\t\t\t\t\t<\/div>\n\t\t\t\t<\/div>\n\t\t<div class=\"elementor-element elementor-element-7ad5f2b e-flex e-con-boxed e-con e-parent\" data-id=\"7ad5f2b\" data-element_type=\"container\">\n\t\t\t\t\t<div class=\"e-con-inner\">\n\t\t<div class=\"elementor-element elementor-element-e76f25a e-con-full e-flex e-con e-child\" data-id=\"e76f25a\" data-element_type=\"container\">\n\t\t\t\t<div class=\"elementor-element elementor-element-5029366 elementor-invisible elementor-widget elementor-widget-text-editor\" data-id=\"5029366\" data-element_type=\"widget\" data-settings=\"{&quot;_animation&quot;:&quot;zoomIn&quot;}\" data-widget_type=\"text-editor.default\">\n\t\t\t\t<div class=\"elementor-widget-container\">\n\t\t\t\t\t\t\t\t\t<p data-start=\"1183\" data-end=\"1424\">\u00a0<\/p><p data-start=\"1183\" data-end=\"1424\">\u00a0<\/p><p data-start=\"1183\" data-end=\"1424\">\u00a0<\/p><p data-start=\"1183\" data-end=\"1424\">Bitki \u00e7aylar\u0131m\u0131z; tat, aroma ve fonksiyonel \u00f6zellikleri korunacak \u015fekilde, ileri teknoloji blend makinelerinde homojen olarak harmanlan\u0131r. Ard\u0131ndan <strong data-start=\"1331\" data-end=\"1365\">tam otomatik teabag hatlar\u0131nda<\/strong> doldurulup paketlenir ve el de\u011fmeden sevkiyata haz\u0131rlan\u0131r.<\/p><p data-start=\"1426\" data-end=\"1628\">T\u00fcm s\u00fcrecimiz <strong data-start=\"1440\" data-end=\"1487\">BRCGS, ISO 22000, ISO 9001, Helal ve Kosher<\/strong> sertifikalar\u0131 \u00e7er\u00e7evesinde y\u00fcr\u00fct\u00fclmektedir. Bu sayede m\u00fc\u015fterilerimize yaln\u0131zca <strong data-start=\"1567\" data-end=\"1609\">lezzetli de\u011fil, ayn\u0131 zamanda g\u00fcvenilir<\/strong> \u00fcr\u00fcnler sunuyoruz.<\/p><p data-start=\"1630\" data-end=\"1713\"><strong data-start=\"1630\" data-end=\"1713\">Do\u011fadan gelen kaliteyi, en y\u00fcksek teknolojiyle i\u015fleyerek sizlere ula\u015ft\u0131r\u0131yoruz.<\/strong><\/p>\t\t\t\t\t\t\t\t<\/div>\n\t\t\t\t<\/div>\n\t\t\t\t<\/div>\n\t\t<div class=\"elementor-element elementor-element-06b9eb3 e-con-full e-flex e-con e-child\" data-id=\"06b9eb3\" data-element_type=\"container\">\n\t\t\t\t<div class=\"elementor-element elementor-element-6bc28a4 elementor-invisible elementor-widget elementor-widget-image\" data-id=\"6bc28a4\" data-element_type=\"widget\" data-settings=\"{&quot;_animation&quot;:&quot;zoomIn&quot;}\" data-widget_type=\"image.default\">\n\t\t\t\t<div class=\"elementor-widget-container\">\n\t\t\t\t\t\t\t\t\t\t\t\t\t\t\t<img loading=\"lazy\" decoding=\"async\" width=\"1024\" height=\"1024\" src=\"https:\/\/kurtsanfood.com\/tr\/wp-content\/uploads\/2025\/11\/urt2.png\" class=\"attachment-large size-large wp-image-8532\" alt=\"u\u0308rt2\" srcset=\"https:\/\/kurtsanfood.com\/tr\/wp-content\/uploads\/2025\/11\/urt2.png 1024w, https:\/\/kurtsanfood.com\/tr\/wp-content\/uploads\/2025\/11\/urt2-300x300.png 300w, https:\/\/kurtsanfood.com\/tr\/wp-content\/uploads\/2025\/11\/urt2-150x150.png 150w, https:\/\/kurtsanfood.com\/tr\/wp-content\/uploads\/2025\/11\/urt2-768x768.png 768w, https:\/\/kurtsanfood.com\/tr\/wp-content\/uploads\/2025\/11\/urt2-600x600.png 600w, https:\/\/kurtsanfood.com\/tr\/wp-content\/uploads\/2025\/11\/urt2-100x100.png 100w\" sizes=\"(max-width: 1024px) 100vw, 1024px\" title=\"Hammadde-\u00dcretim\">\t\t\t\t\t\t\t\t\t\t\t\t\t\t\t<\/div>\n\t\t\t\t<\/div>\n\t\t\t\t<\/div>\n\t\t\t\t\t<\/div>\n\t\t\t\t<\/div>\n\t\t<div class=\"elementor-element elementor-element-6aa80c7 e-flex e-con-boxed e-con e-parent\" data-id=\"6aa80c7\" data-element_type=\"container\">\n\t\t\t\t\t<div class=\"e-con-inner\">\n\t\t\t\t<div class=\"elementor-element elementor-element-dbd2040 elementor-widget elementor-widget-image\" data-id=\"dbd2040\" data-element_type=\"widget\" data-widget_type=\"image.default\">\n\t\t\t\t<div class=\"elementor-widget-container\">\n\t\t\t\t\t\t\t\t\t\t\t\t\t\t\t<img decoding=\"async\" width=\"209\" height=\"90\" src=\"https:\/\/kurtsanfood.com\/tr\/wp-content\/uploads\/2021\/03\/basil-leaf.png\" class=\"attachment-large size-large wp-image-5982\" alt=\"basil leaf\" title=\"Hammadde-\u00dcretim\">\t\t\t\t\t\t\t\t\t\t\t\t\t\t\t<\/div>\n\t\t\t\t<\/div>\n\t\t\t\t\t<\/div>\n\t\t\t\t<\/div>\n\t\t<div class=\"elementor-element elementor-element-c9b91d0 e-flex e-con-boxed e-con e-parent\" data-id=\"c9b91d0\" data-element_type=\"container\">\n\t\t\t\t\t<div class=\"e-con-inner\">\n\t\t\t\t<div class=\"elementor-element elementor-element-7a8ea4f elementor-invisible elementor-widget elementor-widget-text-editor\" data-id=\"7a8ea4f\" data-element_type=\"widget\" data-settings=\"{&quot;_animation&quot;:&quot;bounceIn&quot;}\" data-widget_type=\"text-editor.default\">\n\t\t\t\t<div class=\"elementor-widget-container\">\n\t\t\t\t\t\t\t\t\t<h2><span style=\"color: #339966;\">\u00a0Kurtsan<\/span><span style=\"color: #ff0000;\">Tea<\/span> Markalar\u0131m\u0131zla da Hizmetinizdeyiz!<\/h2>\t\t\t\t\t\t\t\t<\/div>\n\t\t\t\t<\/div>\n\t\t\t\t\t<\/div>\n\t\t\t\t<\/div>\n\t\t<div class=\"elementor-element elementor-element-a0373c5 e-flex e-con-boxed e-con e-parent\" data-id=\"a0373c5\" data-element_type=\"container\">\n\t\t\t\t\t<div class=\"e-con-inner\">\n\t\t<div class=\"elementor-element elementor-element-f8b0424 e-con-full e-flex e-con e-child\" data-id=\"f8b0424\" data-element_type=\"container\">\n\t\t\t\t<div class=\"elementor-element elementor-element-19265c3 elementor-invisible elementor-widget elementor-widget-image\" data-id=\"19265c3\" data-element_type=\"widget\" data-settings=\"{&quot;_animation&quot;:&quot;bounceIn&quot;}\" data-widget_type=\"image.default\">\n\t\t\t\t<div class=\"elementor-widget-container\">\n\t\t\t\t\t\t\t\t\t\t\t\t\t\t\t<img loading=\"lazy\" decoding=\"async\" width=\"300\" height=\"300\" src=\"https:\/\/kurtsanfood.com\/tr\/wp-content\/uploads\/2025\/11\/GUNV-300x300.png\" class=\"attachment-medium size-medium wp-image-8535\" alt=\"gu\u0308nv\" srcset=\"https:\/\/kurtsanfood.com\/tr\/wp-content\/uploads\/2025\/11\/GUNV-300x300.png 300w, https:\/\/kurtsanfood.com\/tr\/wp-content\/uploads\/2025\/11\/GUNV-150x150.png 150w, https:\/\/kurtsanfood.com\/tr\/wp-content\/uploads\/2025\/11\/GUNV-768x768.png 768w, https:\/\/kurtsanfood.com\/tr\/wp-content\/uploads\/2025\/11\/GUNV-600x600.png 600w, https:\/\/kurtsanfood.com\/tr\/wp-content\/uploads\/2025\/11\/GUNV-100x100.png 100w, https:\/\/kurtsanfood.com\/tr\/wp-content\/uploads\/2025\/11\/GUNV.png 1024w\" sizes=\"(max-width: 300px) 100vw, 300px\" title=\"Hammadde-\u00dcretim\">\t\t\t\t\t\t\t\t\t\t\t\t\t\t\t<\/div>\n\t\t\t\t<\/div>\n\t\t\t\t<\/div>\n\t\t<div class=\"elementor-element elementor-element-fa9f7b4 e-con-full e-flex e-con e-child\" data-id=\"fa9f7b4\" data-element_type=\"container\">\n\t\t\t\t<div class=\"elementor-element elementor-element-54f0b5d elementor-invisible elementor-widget elementor-widget-image\" data-id=\"54f0b5d\" data-element_type=\"widget\" data-settings=\"{&quot;_animation&quot;:&quot;bounceIn&quot;}\" data-widget_type=\"image.default\">\n\t\t\t\t<div class=\"elementor-widget-container\">\n\t\t\t\t\t\t\t\t\t\t\t\t\t\t\t<img loading=\"lazy\" decoding=\"async\" width=\"300\" height=\"300\" src=\"https:\/\/kurtsanfood.com\/tr\/wp-content\/uploads\/2025\/11\/DGDN-300x300.png\" class=\"attachment-medium size-medium wp-image-8534\" alt=\"dg\u0306dn\" srcset=\"https:\/\/kurtsanfood.com\/tr\/wp-content\/uploads\/2025\/11\/DGDN-300x300.png 300w, https:\/\/kurtsanfood.com\/tr\/wp-content\/uploads\/2025\/11\/DGDN-150x150.png 150w, https:\/\/kurtsanfood.com\/tr\/wp-content\/uploads\/2025\/11\/DGDN-768x768.png 768w, https:\/\/kurtsanfood.com\/tr\/wp-content\/uploads\/2025\/11\/DGDN-600x600.png 600w, https:\/\/kurtsanfood.com\/tr\/wp-content\/uploads\/2025\/11\/DGDN-100x100.png 100w, https:\/\/kurtsanfood.com\/tr\/wp-content\/uploads\/2025\/11\/DGDN.png 1024w\" sizes=\"(max-width: 300px) 100vw, 300px\" title=\"Hammadde-\u00dcretim\">\t\t\t\t\t\t\t\t\t\t\t\t\t\t\t<\/div>\n\t\t\t\t<\/div>\n\t\t\t\t<\/div>\n\t\t\t\t\t<\/div>\n\t\t\t\t<\/div>\n\t\t<div class=\"elementor-element elementor-element-a4e5126 e-flex e-con-boxed e-con e-parent\" data-id=\"a4e5126\" data-element_type=\"container\">\n\t\t\t\t\t<div class=\"e-con-inner\">\n\t\t\t\t\t<\/div>\n\t\t\t\t<\/div>\n\t\t\t\t<\/div>\n\t\t","protected":false},"excerpt":{"rendered":"<p>\u00a0 \u00a0 HAMMADDE TEDAR\u0130K Firmam\u0131z, hem yurt i\u00e7i hem de yurt d\u0131\u015f\u0131 pazarlara s\u00fczen po\u015fet kesim (tea bag cut) ve iri kesim (coarse cut) formatlar\u0131nda, paketlemeye haz\u0131r bitki ve meyve \u00e7aylar\u0131 tedarik etmektedir. Tedarik zinciri s\u00fcre\u00e7lerimizin tamam\u0131nda; y\u00fcksek kalite, hijyen, izlenebilirlik ve rekabet\u00e7i fiyat prensiplerine ba\u011fl\u0131 kalarak m\u00fc\u015fterilerimize g\u00fcvenilir ve s\u00fcrd\u00fcr\u00fclebilir \u00e7\u00f6z\u00fcmler sunuyoruz. Yurt d\u0131\u015f\u0131 [&hellip;]<\/p>\n","protected":false},"author":1,"featured_media":0,"parent":0,"menu_order":0,"comment_status":"closed","ping_status":"closed","template":"","meta":{"om_disable_all_campaigns":false,"inline_featured_image":false,"_monsterinsights_skip_tracking":false,"_monsterinsights_sitenote_active":false,"_monsterinsights_sitenote_note":"","_monsterinsights_sitenote_category":0,"site-sidebar-layout":"no-sidebar","site-content-layout":"page-builder","ast-site-content-layout":"full-width-container","site-content-style":"default","site-sidebar-style":"default","ast-global-header-display":"","ast-banner-title-visibility":"","ast-main-header-display":"","ast-hfb-above-header-display":"","ast-hfb-below-header-display":"","ast-hfb-mobile-header-display":"","site-post-title":"","ast-breadcrumbs-content":"","ast-featured-img":"disabled","footer-sml-layout":"","theme-transparent-header-meta":"","adv-header-id-meta":"","stick-header-meta":"","header-above-stick-meta":"","header-main-stick-meta":"","header-below-stick-meta":"","astra-migrate-meta-layouts":"default","ast-page-background-enabled":"default","ast-page-background-meta":{"desktop":{"background-color":"","background-image":"","background-repeat":"repeat","background-position":"center center","background-size":"auto","background-attachment":"scroll","background-type":"","background-media":"","overlay-type":"","overlay-color":"","overlay-opacity":"","overlay-gradient":""},"tablet":{"background-color":"","background-image":"","background-repeat":"repeat","background-position":"center center","background-size":"auto","background-attachment":"scroll","background-type":"","background-media":"","overlay-type":"","overlay-color":"","overlay-opacity":"","overlay-gradient":""},"mobile":{"background-color":"","background-image":"","background-repeat":"repeat","background-position":"center center","background-size":"auto","background-attachment":"scroll","background-type":"","background-media":"","overlay-type":"","overlay-color":"","overlay-opacity":"","overlay-gradient":""}},"ast-content-background-meta":{"desktop":{"background-color":"var(--ast-global-color-5)","background-image":"","background-repeat":"repeat","background-position":"center center","background-size":"auto","background-attachment":"scroll","background-type":"","background-media":"","overlay-type":"","overlay-color":"","overlay-opacity":"","overlay-gradient":""},"tablet":{"background-color":"var(--ast-global-color-5)","background-image":"","background-repeat":"repeat","background-position":"center center","background-size":"auto","background-attachment":"scroll","background-type":"","background-media":"","overlay-type":"","overlay-color":"","overlay-opacity":"","overlay-gradient":""},"mobile":{"background-color":"var(--ast-global-color-5)","background-image":"","background-repeat":"repeat","background-position":"center center","background-size":"auto","background-attachment":"scroll","background-type":"","background-media":"","overlay-type":"","overlay-color":"","overlay-opacity":"","overlay-gradient":""}},"footnotes":""},"class_list":["post-8519","page","type-page","status-publish","hentry"],"aioseo_notices":[],"_links":{"self":[{"href":"https:\/\/kurtsanfood.com\/tr\/wp-json\/wp\/v2\/pages\/8519","targetHints":{"allow":["GET"]}}],"collection":[{"href":"https:\/\/kurtsanfood.com\/tr\/wp-json\/wp\/v2\/pages"}],"about":[{"href":"https:\/\/kurtsanfood.com\/tr\/wp-json\/wp\/v2\/types\/page"}],"author":[{"embeddable":true,"href":"https:\/\/kurtsanfood.com\/tr\/wp-json\/wp\/v2\/users\/1"}],"replies":[{"embeddable":true,"href":"https:\/\/kurtsanfood.com\/tr\/wp-json\/wp\/v2\/comments?post=8519"}],"version-history":[{"count":10,"href":"https:\/\/kurtsanfood.com\/tr\/wp-json\/wp\/v2\/pages\/8519\/revisions"}],"predecessor-version":[{"id":8544,"href":"https:\/\/kurtsanfood.com\/tr\/wp-json\/wp\/v2\/pages\/8519\/revisions\/8544"}],"wp:attachment":[{"href":"https:\/\/kurtsanfood.com\/tr\/wp-json\/wp\/v2\/media?parent=8519"}],"curies":[{"name":"wp","href":"https:\/\/api.w.org\/{rel}","templated":true}]}}