{"id":8416,"date":"2025-11-20T14:24:00","date_gmt":"2025-11-20T11:24:00","guid":{"rendered":"https:\/\/kurtsanfood.com\/tr\/?page_id=8416"},"modified":"2025-11-24T13:24:50","modified_gmt":"2025-11-24T10:24:50","slug":"sertifikalarimiz","status":"publish","type":"page","link":"https:\/\/kurtsanfood.com\/tr\/sertifikalarimiz\/","title":{"rendered":"Sertifikalar\u0131m\u0131z"},"content":{"rendered":"\t\t<div data-elementor-type=\"wp-page\" data-elementor-id=\"8416\" class=\"elementor elementor-8416\">\n\t\t\t\t<div class=\"elementor-element elementor-element-811dc06 e-flex e-con-boxed e-con e-parent\" data-id=\"811dc06\" data-element_type=\"container\">\n\t\t\t\t\t<div class=\"e-con-inner\">\n\t\t<div class=\"elementor-element elementor-element-9b1be92 e-con-full e-flex e-con e-child\" data-id=\"9b1be92\" data-element_type=\"container\">\n\t\t\t\t<div class=\"elementor-element elementor-element-f90a5e1 elementor-invisible elementor-widget elementor-widget-image\" data-id=\"f90a5e1\" data-element_type=\"widget\" data-settings=\"{&quot;_animation&quot;:&quot;zoomIn&quot;}\" data-widget_type=\"image.default\">\n\t\t\t\t<div class=\"elementor-widget-container\">\n\t\t\t\t\t\t\t\t\t\t\t\t\t\t\t<img fetchpriority=\"high\" decoding=\"async\" width=\"1024\" height=\"1024\" src=\"https:\/\/kurtsanfood.com\/tr\/wp-content\/uploads\/2025\/11\/ChatGPT-Image-24-Kas-2025-13_06_00.png\" class=\"attachment-large size-large wp-image-8556\" alt=\"chatgpt image 24 kas 2025 13 06 00\" srcset=\"https:\/\/kurtsanfood.com\/tr\/wp-content\/uploads\/2025\/11\/ChatGPT-Image-24-Kas-2025-13_06_00.png 1024w, https:\/\/kurtsanfood.com\/tr\/wp-content\/uploads\/2025\/11\/ChatGPT-Image-24-Kas-2025-13_06_00-300x300.png 300w, https:\/\/kurtsanfood.com\/tr\/wp-content\/uploads\/2025\/11\/ChatGPT-Image-24-Kas-2025-13_06_00-150x150.png 150w, https:\/\/kurtsanfood.com\/tr\/wp-content\/uploads\/2025\/11\/ChatGPT-Image-24-Kas-2025-13_06_00-768x768.png 768w, https:\/\/kurtsanfood.com\/tr\/wp-content\/uploads\/2025\/11\/ChatGPT-Image-24-Kas-2025-13_06_00-600x600.png 600w, https:\/\/kurtsanfood.com\/tr\/wp-content\/uploads\/2025\/11\/ChatGPT-Image-24-Kas-2025-13_06_00-100x100.png 100w\" sizes=\"(max-width: 1024px) 100vw, 1024px\" title=\"Sertifikalar\u0131m\u0131z\">\t\t\t\t\t\t\t\t\t\t\t\t\t\t\t<\/div>\n\t\t\t\t<\/div>\n\t\t\t\t<\/div>\n\t\t<div class=\"elementor-element elementor-element-3ca96c4 e-con-full e-flex e-con e-child\" data-id=\"3ca96c4\" data-element_type=\"container\">\n\t\t\t\t<div class=\"elementor-element elementor-element-a849e98 elementor-invisible elementor-widget elementor-widget-text-editor\" data-id=\"a849e98\" data-element_type=\"widget\" data-settings=\"{&quot;_animation&quot;:&quot;zoomIn&quot;}\" data-widget_type=\"text-editor.default\">\n\t\t\t\t<div class=\"elementor-widget-container\">\n\t\t\t\t\t\t\t\t\t<p data-start=\"155\" data-end=\"442\"><span style=\"color: #339966;\">Sertifika<\/span><span style=\"color: #ff0000;\">lar\u0131m\u0131z<\/span><\/p><p data-start=\"155\" data-end=\"442\">Kalite, g\u00fcven ve s\u00fcrd\u00fcr\u00fclebilirlikten \u00f6d\u00fcn vermeyen \u00fcretim anlay\u0131\u015f\u0131m\u0131z; ulusal ve uluslararas\u0131 standartlarla belgelenmi\u015ftir. Tesislerimiz, g\u0131da g\u00fcvenli\u011fini en \u00fcst seviyede sa\u011flayan <strong data-start=\"336\" data-end=\"345\">BRCGS<\/strong>, <strong data-start=\"347\" data-end=\"360\">ISO 22000<\/strong>, <strong data-start=\"362\" data-end=\"374\">ISO 9001<\/strong> kalite y\u00f6netim sistemleri ile denetlenip sertifikaland\u0131r\u0131lm\u0131\u015ft\u0131r.<\/p><p data-start=\"444\" data-end=\"563\">Ayr\u0131ca \u00fcr\u00fcnlerimiz, farkl\u0131 pazarlar\u0131n gerekliliklerine uygun olarak <strong data-start=\"512\" data-end=\"521\">Helal<\/strong> ve <strong data-start=\"525\" data-end=\"535\">Kosher<\/strong> sertifikalar\u0131na sahiptir.<\/p><p data-start=\"565\" data-end=\"720\">Bu belgeler, m\u00fc\u015fterilerimize sundu\u011fumuz t\u00fcm \u00fcr\u00fcnlerin <strong data-start=\"619\" data-end=\"632\">g\u00fcvenilir<\/strong>, <strong data-start=\"634\" data-end=\"649\">izlenebilir<\/strong> ve <strong data-start=\"653\" data-end=\"686\">y\u00fcksek kalite standartlar\u0131nda<\/strong> \u00fcretildi\u011finin en g\u00fc\u00e7l\u00fc kan\u0131t\u0131d\u0131r.<\/p>\t\t\t\t\t\t\t\t<\/div>\n\t\t\t\t<\/div>\n\t\t\t\t<\/div>\n\t\t\t\t\t<\/div>\n\t\t\t\t<\/div>\n\t\t<div class=\"elementor-element elementor-element-5a893d3 e-flex e-con-boxed e-con e-parent\" data-id=\"5a893d3\" data-element_type=\"container\">\n\t\t\t\t\t<div class=\"e-con-inner\">\n\t\t\t\t<div class=\"elementor-element elementor-element-3719e37 elementor-arrows-position-inside elementor-pagination-position-outside elementor-widget elementor-widget-image-carousel\" data-id=\"3719e37\" data-element_type=\"widget\" data-settings=\"{&quot;navigation&quot;:&quot;both&quot;,&quot;autoplay&quot;:&quot;yes&quot;,&quot;pause_on_hover&quot;:&quot;yes&quot;,&quot;pause_on_interaction&quot;:&quot;yes&quot;,&quot;autoplay_speed&quot;:5000,&quot;infinite&quot;:&quot;yes&quot;,&quot;speed&quot;:500}\" data-widget_type=\"image-carousel.default\">\n\t\t\t\t<div class=\"elementor-widget-container\">\n\t\t\t\t\t\t\t<div class=\"elementor-image-carousel-wrapper swiper\" role=\"region\" aria-roledescription=\"carousel\" aria-label=\"Resim D\u00f6ng\u00fcs\u00fc\" dir=\"ltr\">\n\t\t\t<div class=\"elementor-image-carousel swiper-wrapper\" aria-live=\"off\">\n\t\t\t\t\t\t\t\t<div class=\"swiper-slide\" role=\"group\" aria-roledescription=\"slide\" aria-label=\"1 \/ 4\"><figure class=\"swiper-slide-inner\"><img decoding=\"async\" class=\"swiper-slide-image\" src=\"https:\/\/kurtsanfood.com\/tr\/wp-content\/uploads\/2025\/11\/fssc22000.png\" alt=\"fssc22000\" title=\"Sertifikalar\u0131m\u0131z\"><\/figure><\/div><div class=\"swiper-slide\" role=\"group\" aria-roledescription=\"slide\" aria-label=\"2 \/ 4\"><figure class=\"swiper-slide-inner\"><img decoding=\"async\" class=\"swiper-slide-image\" src=\"https:\/\/kurtsanfood.com\/tr\/wp-content\/uploads\/2025\/11\/REC27_Certificate_kosher.png\" alt=\"rec27 certificate kosher\" title=\"Sertifikalar\u0131m\u0131z\"><\/figure><\/div><div class=\"swiper-slide\" role=\"group\" aria-roledescription=\"slide\" aria-label=\"3 \/ 4\"><figure class=\"swiper-slide-inner\"><img decoding=\"async\" class=\"swiper-slide-image\" src=\"https:\/\/kurtsanfood.com\/tr\/wp-content\/uploads\/2025\/11\/kosher2.png\" alt=\"kosher2\" title=\"Sertifikalar\u0131m\u0131z\"><\/figure><\/div><div class=\"swiper-slide\" role=\"group\" aria-roledescription=\"slide\" aria-label=\"4 \/ 4\"><figure class=\"swiper-slide-inner\"><img decoding=\"async\" class=\"swiper-slide-image\" src=\"https:\/\/kurtsanfood.com\/tr\/wp-content\/uploads\/2025\/11\/REC27_Certificate_BRC-FD-041-DG_2025_Final.pdf.png\" alt=\"rec27 certificate brc fd 041 dg 2025 final.pdf\" title=\"Sertifikalar\u0131m\u0131z\"><\/figure><\/div>\t\t\t<\/div>\n\t\t\t\t\t\t\t\t\t\t\t\t<div class=\"elementor-swiper-button elementor-swiper-button-prev\" role=\"button\" tabindex=\"0\">\n\t\t\t\t\t\t<i aria-hidden=\"true\" class=\"eicon-chevron-left\"><\/i>\t\t\t\t\t<\/div>\n\t\t\t\t\t<div class=\"elementor-swiper-button elementor-swiper-button-next\" role=\"button\" tabindex=\"0\">\n\t\t\t\t\t\t<i aria-hidden=\"true\" class=\"eicon-chevron-right\"><\/i>\t\t\t\t\t<\/div>\n\t\t\t\t\n\t\t\t\t\t\t\t\t\t<div class=\"swiper-pagination\"><\/div>\n\t\t\t\t\t\t\t\t\t<\/div>\n\t\t\t\t\t\t<\/div>\n\t\t\t\t<\/div>\n\t\t\t\t\t<\/div>\n\t\t\t\t<\/div>\n\t\t\t\t<\/div>\n\t\t","protected":false},"excerpt":{"rendered":"<p>Sertifikalar\u0131m\u0131z Kalite, g\u00fcven ve s\u00fcrd\u00fcr\u00fclebilirlikten \u00f6d\u00fcn vermeyen \u00fcretim anlay\u0131\u015f\u0131m\u0131z; ulusal ve uluslararas\u0131 standartlarla belgelenmi\u015ftir. Tesislerimiz, g\u0131da g\u00fcvenli\u011fini en \u00fcst seviyede sa\u011flayan BRCGS, ISO 22000, ISO 9001 kalite y\u00f6netim sistemleri ile denetlenip sertifikaland\u0131r\u0131lm\u0131\u015ft\u0131r. Ayr\u0131ca \u00fcr\u00fcnlerimiz, farkl\u0131 pazarlar\u0131n gerekliliklerine uygun olarak Helal ve Kosher sertifikalar\u0131na sahiptir. Bu belgeler, m\u00fc\u015fterilerimize sundu\u011fumuz t\u00fcm \u00fcr\u00fcnlerin g\u00fcvenilir, izlenebilir ve y\u00fcksek kalite [&hellip;]<\/p>\n","protected":false},"author":1,"featured_media":0,"parent":0,"menu_order":0,"comment_status":"closed","ping_status":"closed","template":"","meta":{"om_disable_all_campaigns":false,"inline_featured_image":false,"_monsterinsights_skip_tracking":false,"_monsterinsights_sitenote_active":false,"_monsterinsights_sitenote_note":"","_monsterinsights_sitenote_category":0,"site-sidebar-layout":"no-sidebar","site-content-layout":"page-builder","ast-site-content-layout":"full-width-container","site-content-style":"default","site-sidebar-style":"default","ast-global-header-display":"","ast-banner-title-visibility":"","ast-main-header-display":"","ast-hfb-above-header-display":"","ast-hfb-below-header-display":"","ast-hfb-mobile-header-display":"","site-post-title":"disabled","ast-breadcrumbs-content":"","ast-featured-img":"disabled","footer-sml-layout":"","theme-transparent-header-meta":"","adv-header-id-meta":"","stick-header-meta":"","header-above-stick-meta":"","header-main-stick-meta":"","header-below-stick-meta":"","astra-migrate-meta-layouts":"default","ast-page-background-enabled":"default","ast-page-background-meta":{"desktop":{"background-color":"","background-image":"","background-repeat":"repeat","background-position":"center center","background-size":"auto","background-attachment":"scroll","background-type":"","background-media":"","overlay-type":"","overlay-color":"","overlay-opacity":"","overlay-gradient":""},"tablet":{"background-color":"","background-image":"","background-repeat":"repeat","background-position":"center center","background-size":"auto","background-attachment":"scroll","background-type":"","background-media":"","overlay-type":"","overlay-color":"","overlay-opacity":"","overlay-gradient":""},"mobile":{"background-color":"","background-image":"","background-repeat":"repeat","background-position":"center center","background-size":"auto","background-attachment":"scroll","background-type":"","background-media":"","overlay-type":"","overlay-color":"","overlay-opacity":"","overlay-gradient":""}},"ast-content-background-meta":{"desktop":{"background-color":"var(--ast-global-color-5)","background-image":"","background-repeat":"repeat","background-position":"center center","background-size":"auto","background-attachment":"scroll","background-type":"","background-media":"","overlay-type":"","overlay-color":"","overlay-opacity":"","overlay-gradient":""},"tablet":{"background-color":"var(--ast-global-color-5)","background-image":"","background-repeat":"repeat","background-position":"center center","background-size":"auto","background-attachment":"scroll","background-type":"","background-media":"","overlay-type":"","overlay-color":"","overlay-opacity":"","overlay-gradient":""},"mobile":{"background-color":"var(--ast-global-color-5)","background-image":"","background-repeat":"repeat","background-position":"center center","background-size":"auto","background-attachment":"scroll","background-type":"","background-media":"","overlay-type":"","overlay-color":"","overlay-opacity":"","overlay-gradient":""}},"footnotes":""},"class_list":["post-8416","page","type-page","status-publish","hentry"],"aioseo_notices":[],"_links":{"self":[{"href":"https:\/\/kurtsanfood.com\/tr\/wp-json\/wp\/v2\/pages\/8416","targetHints":{"allow":["GET"]}}],"collection":[{"href":"https:\/\/kurtsanfood.com\/tr\/wp-json\/wp\/v2\/pages"}],"about":[{"href":"https:\/\/kurtsanfood.com\/tr\/wp-json\/wp\/v2\/types\/page"}],"author":[{"embeddable":true,"href":"https:\/\/kurtsanfood.com\/tr\/wp-json\/wp\/v2\/users\/1"}],"replies":[{"embeddable":true,"href":"https:\/\/kurtsanfood.com\/tr\/wp-json\/wp\/v2\/comments?post=8416"}],"version-history":[{"count":7,"href":"https:\/\/kurtsanfood.com\/tr\/wp-json\/wp\/v2\/pages\/8416\/revisions"}],"predecessor-version":[{"id":8569,"href":"https:\/\/kurtsanfood.com\/tr\/wp-json\/wp\/v2\/pages\/8416\/revisions\/8569"}],"wp:attachment":[{"href":"https:\/\/kurtsanfood.com\/tr\/wp-json\/wp\/v2\/media?parent=8416"}],"curies":[{"name":"wp","href":"https:\/\/api.w.org\/{rel}","templated":true}]}}