{"id":8415,"date":"2025-11-20T14:24:00","date_gmt":"2025-11-20T11:24:00","guid":{"rendered":"https:\/\/kurtsanfood.com\/tr\/?page_id=8415"},"modified":"2025-11-24T10:22:47","modified_gmt":"2025-11-24T07:22:47","slug":"genel-bakis","status":"publish","type":"page","link":"https:\/\/kurtsanfood.com\/tr\/genel-bakis\/","title":{"rendered":"Genel Bak\u0131\u015f"},"content":{"rendered":"\t\t<div data-elementor-type=\"wp-page\" data-elementor-id=\"8415\" class=\"elementor elementor-8415\">\n\t\t\t\t<div class=\"elementor-element elementor-element-58496be e-grid e-con-full e-con e-parent\" data-id=\"58496be\" data-element_type=\"container\" data-settings=\"{&quot;shape_divider_top&quot;:&quot;triangle-asymmetrical&quot;}\">\n\t\t\t\t<div class=\"elementor-shape elementor-shape-top\" aria-hidden=\"true\" data-negative=\"false\">\n\t\t\t<svg xmlns=\"http:\/\/www.w3.org\/2000\/svg\" viewBox=\"0 0 1000 100\" preserveAspectRatio=\"none\">\n\t<path class=\"elementor-shape-fill\" d=\"M738,99l262-93V0H0v5.6L738,99z\"\/>\n<\/svg>\t\t<\/div>\n\t\t\t\t<div class=\"elementor-element elementor-element-af50956 elementor-invisible elementor-widget elementor-widget-image\" data-id=\"af50956\" data-element_type=\"widget\" data-settings=\"{&quot;_animation&quot;:&quot;zoomIn&quot;}\" data-widget_type=\"image.default\">\n\t\t\t\t<div class=\"elementor-widget-container\">\n\t\t\t\t\t\t\t\t\t\t\t\t\t\t\t<img fetchpriority=\"high\" decoding=\"async\" width=\"1024\" height=\"1024\" src=\"https:\/\/kurtsanfood.com\/tr\/wp-content\/uploads\/2025\/11\/vmg.png\" class=\"attachment-large size-large wp-image-8511\" alt=\"vmg\" srcset=\"https:\/\/kurtsanfood.com\/tr\/wp-content\/uploads\/2025\/11\/vmg.png 1024w, https:\/\/kurtsanfood.com\/tr\/wp-content\/uploads\/2025\/11\/vmg-300x300.png 300w, https:\/\/kurtsanfood.com\/tr\/wp-content\/uploads\/2025\/11\/vmg-150x150.png 150w, https:\/\/kurtsanfood.com\/tr\/wp-content\/uploads\/2025\/11\/vmg-768x768.png 768w, https:\/\/kurtsanfood.com\/tr\/wp-content\/uploads\/2025\/11\/vmg-600x600.png 600w, https:\/\/kurtsanfood.com\/tr\/wp-content\/uploads\/2025\/11\/vmg-100x100.png 100w\" sizes=\"(max-width: 1024px) 100vw, 1024px\" title=\"Genel Bak\u0131\u015f\">\t\t\t\t\t\t\t\t\t\t\t\t\t\t\t<\/div>\n\t\t\t\t<\/div>\n\t\t\t\t<div class=\"elementor-element elementor-element-577edb3 elementor-invisible elementor-widget elementor-widget-text-editor\" data-id=\"577edb3\" data-element_type=\"widget\" data-settings=\"{&quot;_animation&quot;:&quot;zoomIn&quot;}\" data-widget_type=\"text-editor.default\">\n\t\t\t\t<div class=\"elementor-widget-container\">\n\t\t\t\t\t\t\t\t\t<p>\u00a0<\/p><p class=\"p1\"><strong><span class=\"s1\"><span style=\"color: #339966;\">MISYONUMUZ, DE\u011eERLERIMIZ<\/span> VE <span style=\"color: #ff0000;\">DAVRANI\u015e ILKELERIMIZ<\/span><\/span><\/strong><\/p><p class=\"p2\"><span class=\"s1\"><b>Gelece\u011fin zorluklar\u0131n\u0131 a\u015fmak ve s\u00fcrd\u00fcr\u00fclebilir i\u015f geli\u015ftirmeyi sa\u011flamak amac\u0131yla, Kurtsan G\u0131da olarak \u00e7al\u0131\u015fanlar\u0131m\u0131zla birlikte kapsaml\u0131 bir kurumsal misyon beyan\u0131 olu\u015fturduk. Bu misyon, \u00e7al\u0131\u015fanlar\u0131m\u0131z ve i\u015f ortaklar\u0131m\u0131zla kurdu\u011fumuz t\u00fcm ili\u015fkilerin gelecekteki temel \u00e7er\u00e7evesini belirlemektedir.<\/b><\/span><\/p><p class=\"p3\"><span class=\"s1\"><b>Misyonumuz<\/b><\/span><\/p><p class=\"p2\"><span class=\"s1\">\u00a0<\/span><i style=\"font-weight: inherit;\">\u201cGeleneksel de\u011ferleri modern i\u015f anlay\u0131\u015f\u0131yla birle\u015ftiren bir aile \u015firketi olarak, d\u00fcnyan\u0131n d\u00f6rt bir yan\u0131ndaki m\u00fc\u015fterilerimize en kaliteli hammaddeleri ve \u00fcst\u00fcn m\u00fc\u015fteri hizmetlerini sunuyoruz. T\u00fcm i\u015f uygulamalar\u0131m\u0131zda s\u00fcrd\u00fcr\u00fclebilirli\u011fe, yenilik\u00e7ili\u011fe ve ihtiya\u00e7lara \u00f6zel \u00e7\u00f6z\u00fcmler \u00fcretme yetkinli\u011fine odaklan\u0131yoruz. Adil, sorumlu ve i\u015fbirli\u011fine dayal\u0131 yakla\u015f\u0131m\u0131m\u0131zla uzun vadeli ba\u015far\u0131n\u0131n sa\u011flam temelini olu\u015fturuyoruz.\u201d<\/i><\/p><h2 class=\"elementor-heading-title elementor-size-default elementor-inline-editing pen\" contenteditable=\"true\" data-elementor-setting-key=\"title\" data-pen-placeholder=\"Buraya Yaz\u0131n...\">\u00a0<\/h2>\t\t\t\t\t\t\t\t<\/div>\n\t\t\t\t<\/div>\n\t\t\t\t<\/div>\n\t\t<div class=\"elementor-element elementor-element-def65b1 e-flex e-con-boxed e-con e-parent\" data-id=\"def65b1\" data-element_type=\"container\">\n\t\t\t\t\t<div class=\"e-con-inner\">\n\t\t\t\t<div class=\"elementor-element elementor-element-3712cff elementor-widget elementor-widget-image\" data-id=\"3712cff\" data-element_type=\"widget\" data-widget_type=\"image.default\">\n\t\t\t\t<div class=\"elementor-widget-container\">\n\t\t\t\t\t\t\t\t\t\t\t\t\t\t\t<img decoding=\"async\" width=\"209\" height=\"90\" src=\"https:\/\/kurtsanfood.com\/tr\/wp-content\/uploads\/2021\/03\/basil-leaf.png\" class=\"attachment-large size-large wp-image-5982\" alt=\"basil leaf\" title=\"Genel Bak\u0131\u015f\">\t\t\t\t\t\t\t\t\t\t\t\t\t\t\t<\/div>\n\t\t\t\t<\/div>\n\t\t\t\t\t<\/div>\n\t\t\t\t<\/div>\n\t\t<div class=\"elementor-element elementor-element-83ae48d e-grid e-con-full e-con e-parent\" data-id=\"83ae48d\" data-element_type=\"container\" data-settings=\"{&quot;shape_divider_top&quot;:&quot;triangle-asymmetrical&quot;}\">\n\t\t\t\t<div class=\"elementor-shape elementor-shape-top\" aria-hidden=\"true\" data-negative=\"false\">\n\t\t\t<svg xmlns=\"http:\/\/www.w3.org\/2000\/svg\" viewBox=\"0 0 1000 100\" preserveAspectRatio=\"none\">\n\t<path class=\"elementor-shape-fill\" d=\"M738,99l262-93V0H0v5.6L738,99z\"\/>\n<\/svg>\t\t<\/div>\n\t\t\t\t<div class=\"elementor-element elementor-element-b176009 elementor-invisible elementor-widget elementor-widget-image\" data-id=\"b176009\" data-element_type=\"widget\" data-settings=\"{&quot;_animation&quot;:&quot;zoomIn&quot;}\" data-widget_type=\"image.default\">\n\t\t\t\t<div class=\"elementor-widget-container\">\n\t\t\t\t\t\t\t\t\t\t\t\t\t\t\t<img decoding=\"async\" width=\"1024\" height=\"1024\" src=\"https:\/\/kurtsanfood.com\/tr\/wp-content\/uploads\/2025\/11\/ChatGPT-Image-22-Kas-2025-10_51_19.png\" class=\"attachment-large size-large wp-image-8513\" alt=\"chatgpt image 22 kas 2025 10 51 19\" srcset=\"https:\/\/kurtsanfood.com\/tr\/wp-content\/uploads\/2025\/11\/ChatGPT-Image-22-Kas-2025-10_51_19.png 1024w, https:\/\/kurtsanfood.com\/tr\/wp-content\/uploads\/2025\/11\/ChatGPT-Image-22-Kas-2025-10_51_19-300x300.png 300w, https:\/\/kurtsanfood.com\/tr\/wp-content\/uploads\/2025\/11\/ChatGPT-Image-22-Kas-2025-10_51_19-150x150.png 150w, https:\/\/kurtsanfood.com\/tr\/wp-content\/uploads\/2025\/11\/ChatGPT-Image-22-Kas-2025-10_51_19-768x768.png 768w, https:\/\/kurtsanfood.com\/tr\/wp-content\/uploads\/2025\/11\/ChatGPT-Image-22-Kas-2025-10_51_19-600x600.png 600w, https:\/\/kurtsanfood.com\/tr\/wp-content\/uploads\/2025\/11\/ChatGPT-Image-22-Kas-2025-10_51_19-100x100.png 100w\" sizes=\"(max-width: 1024px) 100vw, 1024px\" title=\"Genel Bak\u0131\u015f\">\t\t\t\t\t\t\t\t\t\t\t\t\t\t\t<\/div>\n\t\t\t\t<\/div>\n\t\t\t\t<div class=\"elementor-element elementor-element-3ef9ca1 elementor-invisible elementor-widget elementor-widget-text-editor\" data-id=\"3ef9ca1\" data-element_type=\"widget\" data-settings=\"{&quot;_animation&quot;:&quot;zoomIn&quot;}\" data-widget_type=\"text-editor.default\">\n\t\t\t\t<div class=\"elementor-widget-container\">\n\t\t\t\t\t\t\t\t\t<p>\u00a0<\/p><p class=\"p4\"><span class=\"s1\"><b>DE\u011eERLER\u0130M\u0130Z<\/b><\/span><\/p><p class=\"p5\"><span class=\"s1\">Yayg\u0131n kabul g\u00f6ren anlam\u0131yla\u00a0<i>de\u011ferler<\/i>, bir toplulu\u011fun arzu edilen ve ahlaki a\u00e7\u0131dan do\u011fru kabul edilen niteliklerini temsil eder. Sayg\u0131, g\u00fcven ve istikrar gibi ortak de\u011ferler, bizlere y\u00f6n verir ve \u015firket k\u00fclt\u00fcr\u00fcm\u00fcz\u00fcn temelini olu\u015fturur.<\/span><\/p><p class=\"p3\"><span class=\"s1\"><b>\u00c7al\u0131\u015fma Bi\u00e7imimiz: Meslekta\u015fl\u0131k ve Kar\u015f\u0131l\u0131kl\u0131 Takdir<\/b><\/span><\/p><p class=\"p5\"><span class=\"s1\">Sayg\u0131l\u0131 ileti\u015fim, kurum k\u00fclt\u00fcr\u00fcm\u00fcz\u00fcn en \u00f6nemli yap\u0131 ta\u015flar\u0131ndan biridir. Birbirimize e\u015fit ko\u015fullarda yakla\u015f\u0131r, sorunlar\u0131 a\u00e7\u0131k\u00e7a konu\u015fur ve \u00e7\u00f6z\u00fcmleri birlikte \u00fcretiriz.<\/span><\/p><p class=\"p3\"><span class=\"s1\"><b>Zihniyetimiz: Sayg\u0131, G\u00fcven ve A\u00e7\u0131kl\u0131k<\/b><\/span><\/p><p class=\"p5\"><span class=\"s1\">\u015eirket i\u00e7i davran\u0131\u015flar\u0131m\u0131z; yard\u0131mseverlik, kar\u015f\u0131l\u0131kl\u0131 sayg\u0131 ve g\u00fcven \u00fczerine kuruludur. Her t\u00fcrl\u00fc ileti\u015fimde a\u00e7\u0131k fikirli olmay\u0131, yap\u0131c\u0131 yakla\u015f\u0131m\u0131 ve g\u00fcveni \u00f6n planda tutar\u0131z.<\/span><\/p><h2 class=\"elementor-heading-title elementor-size-default elementor-inline-editing pen\" data-elementor-setting-key=\"title\" data-pen-placeholder=\"Buraya Yaz\u0131n...\">\u00a0<\/h2>\t\t\t\t\t\t\t\t<\/div>\n\t\t\t\t<\/div>\n\t\t\t\t<\/div>\n\t\t<div class=\"elementor-element elementor-element-443f644 e-flex e-con-boxed e-con e-parent\" data-id=\"443f644\" data-element_type=\"container\">\n\t\t\t\t\t<div class=\"e-con-inner\">\n\t\t\t\t<div class=\"elementor-element elementor-element-fd24b61 elementor-widget elementor-widget-image\" data-id=\"fd24b61\" data-element_type=\"widget\" data-widget_type=\"image.default\">\n\t\t\t\t<div class=\"elementor-widget-container\">\n\t\t\t\t\t\t\t\t\t\t\t\t\t\t\t<img decoding=\"async\" width=\"209\" height=\"90\" src=\"https:\/\/kurtsanfood.com\/tr\/wp-content\/uploads\/2021\/03\/basil-leaf.png\" class=\"attachment-large size-large wp-image-5982\" alt=\"basil leaf\" title=\"Genel Bak\u0131\u015f\">\t\t\t\t\t\t\t\t\t\t\t\t\t\t\t<\/div>\n\t\t\t\t<\/div>\n\t\t\t\t\t<\/div>\n\t\t\t\t<\/div>\n\t\t<div class=\"elementor-element elementor-element-91385c0 e-grid e-con-full e-con e-parent\" data-id=\"91385c0\" data-element_type=\"container\" data-settings=\"{&quot;shape_divider_top&quot;:&quot;triangle-asymmetrical&quot;}\">\n\t\t\t\t<div class=\"elementor-shape elementor-shape-top\" aria-hidden=\"true\" data-negative=\"false\">\n\t\t\t<svg xmlns=\"http:\/\/www.w3.org\/2000\/svg\" viewBox=\"0 0 1000 100\" preserveAspectRatio=\"none\">\n\t<path class=\"elementor-shape-fill\" d=\"M738,99l262-93V0H0v5.6L738,99z\"\/>\n<\/svg>\t\t<\/div>\n\t\t\t\t<div class=\"elementor-element elementor-element-76c5f10 elementor-invisible elementor-widget elementor-widget-image\" data-id=\"76c5f10\" data-element_type=\"widget\" data-settings=\"{&quot;_animation&quot;:&quot;zoomIn&quot;}\" data-widget_type=\"image.default\">\n\t\t\t\t<div class=\"elementor-widget-container\">\n\t\t\t\t\t\t\t\t\t\t\t\t\t\t\t<img loading=\"lazy\" decoding=\"async\" width=\"1024\" height=\"1024\" src=\"https:\/\/kurtsanfood.com\/tr\/wp-content\/uploads\/2025\/11\/ChatGPT-Image-22-Kas-2025-10_53_50.png\" class=\"attachment-large size-large wp-image-8514\" alt=\"chatgpt image 22 kas 2025 10 53 50\" srcset=\"https:\/\/kurtsanfood.com\/tr\/wp-content\/uploads\/2025\/11\/ChatGPT-Image-22-Kas-2025-10_53_50.png 1024w, https:\/\/kurtsanfood.com\/tr\/wp-content\/uploads\/2025\/11\/ChatGPT-Image-22-Kas-2025-10_53_50-300x300.png 300w, https:\/\/kurtsanfood.com\/tr\/wp-content\/uploads\/2025\/11\/ChatGPT-Image-22-Kas-2025-10_53_50-150x150.png 150w, https:\/\/kurtsanfood.com\/tr\/wp-content\/uploads\/2025\/11\/ChatGPT-Image-22-Kas-2025-10_53_50-768x768.png 768w, https:\/\/kurtsanfood.com\/tr\/wp-content\/uploads\/2025\/11\/ChatGPT-Image-22-Kas-2025-10_53_50-600x600.png 600w, https:\/\/kurtsanfood.com\/tr\/wp-content\/uploads\/2025\/11\/ChatGPT-Image-22-Kas-2025-10_53_50-100x100.png 100w\" sizes=\"(max-width: 1024px) 100vw, 1024px\" title=\"Genel Bak\u0131\u015f\">\t\t\t\t\t\t\t\t\t\t\t\t\t\t\t<\/div>\n\t\t\t\t<\/div>\n\t\t\t\t<div class=\"elementor-element elementor-element-0a1adfd elementor-invisible elementor-widget elementor-widget-text-editor\" data-id=\"0a1adfd\" data-element_type=\"widget\" data-settings=\"{&quot;_animation&quot;:&quot;zoomIn&quot;}\" data-widget_type=\"text-editor.default\">\n\t\t\t\t<div class=\"elementor-widget-container\">\n\t\t\t\t\t\t\t\t\t<p>\u00a0<\/p><p class=\"p3\"><span class=\"s1\"><b>Odak Noktam\u0131z: S\u00fcrd\u00fcr\u00fclebilirlik ve G\u00fcvenilirlik<\/b><\/span><\/p><p class=\"p5\"><span class=\"s1\">Verdi\u011fimiz s\u00f6z\u00fcn arkas\u0131nda dururuz. T\u00fcm karar ve uygulamalar\u0131m\u0131zda ekonomik, sosyal ve \u00e7evresel sorumluluklar\u0131m\u0131z\u0131 dikkate al\u0131r\u0131z. S\u00fcrd\u00fcr\u00fclebilirlik, yaln\u0131zca bir hedef de\u011fil; \u00e7al\u0131\u015fma bi\u00e7imimizin ayr\u0131lmaz bir par\u00e7as\u0131d\u0131r.<\/span><\/p><p class=\"p7\"><span class=\"s1\"><b>Davran\u0131\u015f \u0130lkelerimiz<\/b><\/span><\/p><p class=\"p5\"><span class=\"s1\">Davran\u0131\u015f ilkelerimiz, kurum k\u00fclt\u00fcr\u00fcm\u00fcz\u00fcn somut bir yans\u0131mas\u0131d\u0131r. Hem i\u00e7 hem d\u0131\u015f payda\u015flarla kurdu\u011fumuz ili\u015fkilerde yol g\u00f6sterici bir rehber g\u00f6revi g\u00f6r\u00fcr ve s\u00fcrd\u00fcr\u00fclebilir ba\u015far\u0131 i\u00e7in sa\u011flam bir temel olu\u015fturur.<\/span><\/p><p class=\"p3\"><span class=\"s1\"><b>M\u00fc\u015fterilerimiz<\/b><\/span><\/p><p class=\"p5\"><span class=\"s1\">M\u00fc\u015fterilerimizin kaliteli \u00fcr\u00fcnlere en rekabet\u00e7i fiyatlarla eri\u015fmesini sa\u011flamak i\u00e7in \u00e7al\u0131\u015f\u0131r\u0131z. G\u00fcvene dayal\u0131, uzun vadeli i\u015f ortakl\u0131klar\u0131 kurmay\u0131 hedefler; s\u00fcrd\u00fcr\u00fclebilir kalite, g\u00fc\u00e7l\u00fc hammadde tedariki ve kesintisiz hizmet anlay\u0131\u015f\u0131yla m\u00fc\u015fterilerimizi destekleriz.<\/span><\/p><h2 class=\"elementor-heading-title elementor-size-default elementor-inline-editing pen\" data-elementor-setting-key=\"title\" data-pen-placeholder=\"Buraya Yaz\u0131n...\">\u00a0<\/h2>\t\t\t\t\t\t\t\t<\/div>\n\t\t\t\t<\/div>\n\t\t\t\t<\/div>\n\t\t<div class=\"elementor-element elementor-element-eda1be8 e-flex e-con-boxed e-con e-parent\" data-id=\"eda1be8\" data-element_type=\"container\">\n\t\t\t\t\t<div class=\"e-con-inner\">\n\t\t\t\t<div class=\"elementor-element elementor-element-c54462e elementor-widget elementor-widget-image\" data-id=\"c54462e\" data-element_type=\"widget\" data-widget_type=\"image.default\">\n\t\t\t\t<div class=\"elementor-widget-container\">\n\t\t\t\t\t\t\t\t\t\t\t\t\t\t\t<img decoding=\"async\" width=\"209\" height=\"90\" src=\"https:\/\/kurtsanfood.com\/tr\/wp-content\/uploads\/2021\/03\/basil-leaf.png\" class=\"attachment-large size-large wp-image-5982\" alt=\"basil leaf\" title=\"Genel Bak\u0131\u015f\">\t\t\t\t\t\t\t\t\t\t\t\t\t\t\t<\/div>\n\t\t\t\t<\/div>\n\t\t\t\t\t<\/div>\n\t\t\t\t<\/div>\n\t\t<div class=\"elementor-element elementor-element-adb13f3 e-grid e-con-full e-con e-parent\" data-id=\"adb13f3\" data-element_type=\"container\" data-settings=\"{&quot;shape_divider_top&quot;:&quot;triangle-asymmetrical&quot;}\">\n\t\t\t\t<div class=\"elementor-shape elementor-shape-top\" aria-hidden=\"true\" data-negative=\"false\">\n\t\t\t<svg xmlns=\"http:\/\/www.w3.org\/2000\/svg\" viewBox=\"0 0 1000 100\" preserveAspectRatio=\"none\">\n\t<path class=\"elementor-shape-fill\" d=\"M738,99l262-93V0H0v5.6L738,99z\"\/>\n<\/svg>\t\t<\/div>\n\t\t\t\t<div class=\"elementor-element elementor-element-5214572 elementor-invisible elementor-widget elementor-widget-image\" data-id=\"5214572\" data-element_type=\"widget\" data-settings=\"{&quot;_animation&quot;:&quot;zoomIn&quot;}\" data-widget_type=\"image.default\">\n\t\t\t\t<div class=\"elementor-widget-container\">\n\t\t\t\t\t\t\t\t\t\t\t\t\t\t\t<img loading=\"lazy\" decoding=\"async\" width=\"1024\" height=\"1024\" src=\"https:\/\/kurtsanfood.com\/tr\/wp-content\/uploads\/2025\/11\/ChatGPT-Image-22-Kas-2025-10_56_21.png\" class=\"attachment-large size-large wp-image-8515\" alt=\"chatgpt image 22 kas 2025 10 56 21\" srcset=\"https:\/\/kurtsanfood.com\/tr\/wp-content\/uploads\/2025\/11\/ChatGPT-Image-22-Kas-2025-10_56_21.png 1024w, https:\/\/kurtsanfood.com\/tr\/wp-content\/uploads\/2025\/11\/ChatGPT-Image-22-Kas-2025-10_56_21-300x300.png 300w, https:\/\/kurtsanfood.com\/tr\/wp-content\/uploads\/2025\/11\/ChatGPT-Image-22-Kas-2025-10_56_21-150x150.png 150w, https:\/\/kurtsanfood.com\/tr\/wp-content\/uploads\/2025\/11\/ChatGPT-Image-22-Kas-2025-10_56_21-768x768.png 768w, https:\/\/kurtsanfood.com\/tr\/wp-content\/uploads\/2025\/11\/ChatGPT-Image-22-Kas-2025-10_56_21-600x600.png 600w, https:\/\/kurtsanfood.com\/tr\/wp-content\/uploads\/2025\/11\/ChatGPT-Image-22-Kas-2025-10_56_21-100x100.png 100w\" sizes=\"(max-width: 1024px) 100vw, 1024px\" title=\"Genel Bak\u0131\u015f\">\t\t\t\t\t\t\t\t\t\t\t\t\t\t\t<\/div>\n\t\t\t\t<\/div>\n\t\t\t\t<div class=\"elementor-element elementor-element-c4faa47 elementor-invisible elementor-widget elementor-widget-text-editor\" data-id=\"c4faa47\" data-element_type=\"widget\" data-settings=\"{&quot;_animation&quot;:&quot;zoomIn&quot;}\" data-widget_type=\"text-editor.default\">\n\t\t\t\t<div class=\"elementor-widget-container\">\n\t\t\t\t\t\t\t\t\t<p class=\"p3\"><span class=\"s1\"><b>\u00c7al\u0131\u015fanlar\u0131m\u0131z<\/b><\/span><\/p><p class=\"p5\"><span class=\"s1\">T\u00fcm \u00e7al\u0131\u015fanlar\u0131m\u0131zla e\u015fit \u015fartlarda bulu\u015fur, birbirimize sayg\u0131 ve anlay\u0131\u015fla yakla\u015f\u0131r\u0131z. \u00c7al\u0131\u015fma k\u00fclt\u00fcr\u00fcm\u00fcz; i\u015f birli\u011fi, a\u00e7\u0131kl\u0131k ve profesyonel geli\u015fimi te\u015fvik eder.<\/span><\/p><p class=\"p3\"><span class=\"s1\"><b>Tedarik\u00e7ilerimiz<\/b><\/span><\/p><p class=\"p5\"><span class=\"s1\">Tedarik\u00e7ilerimizle ili\u015fkilerimizin temelinde g\u00fcven, adalet ve kar\u015f\u0131l\u0131kl\u0131 g\u00fcvenilirlik vard\u0131r. S\u00fcre\u00e7lerimizi \u015feffafl\u0131kla y\u00f6netir, kar\u015f\u0131l\u0131kl\u0131 fayda \u00fcreten uzun vadeli i\u015f birlikleri kurar\u0131z.<\/span><\/p><p class=\"p3\"><span class=\"s1\"><b>Toplum<\/b><\/span><\/p><p class=\"p5\"><span class=\"s1\">\u00a0<\/span><span style=\"font-style: inherit; font-weight: inherit;\">Faaliyet g\u00f6sterdi\u011fimiz b\u00f6lgelerde sosyal geli\u015fime katk\u0131da bulunur; \u00e7evrenin korunmas\u0131 ve s\u00fcrd\u00fcr\u00fclebilir kalk\u0131nma i\u00e7in sorumluluk al\u0131r\u0131z.<\/span><\/p><h2 class=\"elementor-heading-title elementor-size-default elementor-inline-editing pen\" data-elementor-setting-key=\"title\" data-pen-placeholder=\"Buraya Yaz\u0131n...\">\u00a0<\/h2>\t\t\t\t\t\t\t\t<\/div>\n\t\t\t\t<\/div>\n\t\t\t\t<\/div>\n\t\t<div class=\"elementor-element elementor-element-c783880 e-flex e-con-boxed e-con e-parent\" data-id=\"c783880\" data-element_type=\"container\">\n\t\t\t\t\t<div class=\"e-con-inner\">\n\t\t\t\t\t<\/div>\n\t\t\t\t<\/div>\n\t\t\t\t<\/div>\n\t\t","protected":false},"excerpt":{"rendered":"<p>\u00a0 MISYONUMUZ, DE\u011eERLERIMIZ VE DAVRANI\u015e ILKELERIMIZ Gelece\u011fin zorluklar\u0131n\u0131 a\u015fmak ve s\u00fcrd\u00fcr\u00fclebilir i\u015f geli\u015ftirmeyi sa\u011flamak amac\u0131yla, Kurtsan G\u0131da olarak \u00e7al\u0131\u015fanlar\u0131m\u0131zla birlikte kapsaml\u0131 bir kurumsal misyon beyan\u0131 olu\u015fturduk. Bu misyon, \u00e7al\u0131\u015fanlar\u0131m\u0131z ve i\u015f ortaklar\u0131m\u0131zla kurdu\u011fumuz t\u00fcm ili\u015fkilerin gelecekteki temel \u00e7er\u00e7evesini belirlemektedir. Misyonumuz \u00a0\u201cGeleneksel de\u011ferleri modern i\u015f anlay\u0131\u015f\u0131yla birle\u015ftiren bir aile \u015firketi olarak, d\u00fcnyan\u0131n d\u00f6rt bir yan\u0131ndaki m\u00fc\u015fterilerimize [&hellip;]<\/p>\n","protected":false},"author":1,"featured_media":0,"parent":0,"menu_order":0,"comment_status":"closed","ping_status":"closed","template":"","meta":{"om_disable_all_campaigns":false,"inline_featured_image":false,"_monsterinsights_skip_tracking":false,"_monsterinsights_sitenote_active":false,"_monsterinsights_sitenote_note":"","_monsterinsights_sitenote_category":0,"site-sidebar-layout":"no-sidebar","site-content-layout":"page-builder","ast-site-content-layout":"full-width-container","site-content-style":"default","site-sidebar-style":"default","ast-global-header-display":"","ast-banner-title-visibility":"","ast-main-header-display":"","ast-hfb-above-header-display":"","ast-hfb-below-header-display":"","ast-hfb-mobile-header-display":"","site-post-title":"disabled","ast-breadcrumbs-content":"","ast-featured-img":"disabled","footer-sml-layout":"","theme-transparent-header-meta":"","adv-header-id-meta":"","stick-header-meta":"","header-above-stick-meta":"","header-main-stick-meta":"","header-below-stick-meta":"","astra-migrate-meta-layouts":"default","ast-page-background-enabled":"default","ast-page-background-meta":{"desktop":{"background-color":"","background-image":"","background-repeat":"repeat","background-position":"center center","background-size":"auto","background-attachment":"scroll","background-type":"","background-media":"","overlay-type":"","overlay-color":"","overlay-opacity":"","overlay-gradient":""},"tablet":{"background-color":"","background-image":"","background-repeat":"repeat","background-position":"center center","background-size":"auto","background-attachment":"scroll","background-type":"","background-media":"","overlay-type":"","overlay-color":"","overlay-opacity":"","overlay-gradient":""},"mobile":{"background-color":"","background-image":"","background-repeat":"repeat","background-position":"center center","background-size":"auto","background-attachment":"scroll","background-type":"","background-media":"","overlay-type":"","overlay-color":"","overlay-opacity":"","overlay-gradient":""}},"ast-content-background-meta":{"desktop":{"background-color":"var(--ast-global-color-5)","background-image":"","background-repeat":"repeat","background-position":"center center","background-size":"auto","background-attachment":"scroll","background-type":"","background-media":"","overlay-type":"","overlay-color":"","overlay-opacity":"","overlay-gradient":""},"tablet":{"background-color":"var(--ast-global-color-5)","background-image":"","background-repeat":"repeat","background-position":"center center","background-size":"auto","background-attachment":"scroll","background-type":"","background-media":"","overlay-type":"","overlay-color":"","overlay-opacity":"","overlay-gradient":""},"mobile":{"background-color":"var(--ast-global-color-5)","background-image":"","background-repeat":"repeat","background-position":"center center","background-size":"auto","background-attachment":"scroll","background-type":"","background-media":"","overlay-type":"","overlay-color":"","overlay-opacity":"","overlay-gradient":""}},"footnotes":""},"class_list":["post-8415","page","type-page","status-publish","hentry"],"aioseo_notices":[],"_links":{"self":[{"href":"https:\/\/kurtsanfood.com\/tr\/wp-json\/wp\/v2\/pages\/8415","targetHints":{"allow":["GET"]}}],"collection":[{"href":"https:\/\/kurtsanfood.com\/tr\/wp-json\/wp\/v2\/pages"}],"about":[{"href":"https:\/\/kurtsanfood.com\/tr\/wp-json\/wp\/v2\/types\/page"}],"author":[{"embeddable":true,"href":"https:\/\/kurtsanfood.com\/tr\/wp-json\/wp\/v2\/users\/1"}],"replies":[{"embeddable":true,"href":"https:\/\/kurtsanfood.com\/tr\/wp-json\/wp\/v2\/comments?post=8415"}],"version-history":[{"count":7,"href":"https:\/\/kurtsanfood.com\/tr\/wp-json\/wp\/v2\/pages\/8415\/revisions"}],"predecessor-version":[{"id":8547,"href":"https:\/\/kurtsanfood.com\/tr\/wp-json\/wp\/v2\/pages\/8415\/revisions\/8547"}],"wp:attachment":[{"href":"https:\/\/kurtsanfood.com\/tr\/wp-json\/wp\/v2\/media?parent=8415"}],"curies":[{"name":"wp","href":"https:\/\/api.w.org\/{rel}","templated":true}]}}