{"id":4350,"date":"2023-07-19T11:09:00","date_gmt":"2023-07-19T08:09:00","guid":{"rendered":"https:\/\/kurtsanfood.com\/en\/?page_id=4350"},"modified":"2023-08-09T13:39:13","modified_gmt":"2023-08-09T10:39:13","slug":"belge-ve-sertifikalarimiz","status":"publish","type":"page","link":"https:\/\/kurtsanfood.com\/en\/belge-ve-sertifikalarimiz\/","title":{"rendered":"DOCUMENTS AND CERTIFICATES"},"content":{"rendered":"\t\t<div data-elementor-type=\"wp-page\" data-elementor-id=\"4350\" class=\"elementor elementor-4350\">\n\t\t\t\t\t\t<section class=\"elementor-section elementor-top-section elementor-element elementor-element-7db039d elementor-section-boxed elementor-section-height-default elementor-section-height-default\" data-id=\"7db039d\" data-element_type=\"section\">\n\t\t\t\t\t\t<div class=\"elementor-container elementor-column-gap-default\">\n\t\t\t\t\t<div class=\"elementor-column elementor-col-100 elementor-top-column elementor-element elementor-element-4f1736f\" data-id=\"4f1736f\" data-element_type=\"column\">\n\t\t\t<div class=\"elementor-widget-wrap elementor-element-populated\">\n\t\t\t\t\t\t<div class=\"elementor-element elementor-element-76ae65a elementor-invisible elementor-widget elementor-widget-heading\" data-id=\"76ae65a\" data-element_type=\"widget\" data-settings=\"{&quot;_animation&quot;:&quot;slide-up&quot;}\" data-widget_type=\"heading.default\">\n\t\t\t\t<div class=\"elementor-widget-container\">\n\t\t\t\t\t<h2 class=\"elementor-heading-title elementor-size-default\">DOCUMENTS AND CERTIFICATES<\/h2>\t\t\t\t<\/div>\n\t\t\t\t<\/div>\n\t\t\t\t\t<\/div>\n\t\t<\/div>\n\t\t\t\t\t<\/div>\n\t\t<\/section>\n\t\t\t\t<section class=\"elementor-section elementor-top-section elementor-element elementor-element-838be98 elementor-section-boxed elementor-section-height-default elementor-section-height-default\" data-id=\"838be98\" data-element_type=\"section\">\n\t\t\t\t\t\t<div class=\"elementor-container elementor-column-gap-default\">\n\t\t\t\t\t<div class=\"elementor-column elementor-col-33 elementor-top-column elementor-element elementor-element-be42927\" data-id=\"be42927\" data-element_type=\"column\">\n\t\t\t<div class=\"elementor-widget-wrap elementor-element-populated\">\n\t\t\t\t\t\t<div class=\"elementor-element elementor-element-d0932a9 elementor-widget elementor-widget-image\" data-id=\"d0932a9\" data-element_type=\"widget\" data-widget_type=\"image.default\">\n\t\t\t\t<div class=\"elementor-widget-container\">\n\t\t\t\t\t\t\t\t\t\t\t\t\t\t\t\t<a href=\"https:\/\/kurtsanfood.com\/en\/wp-content\/uploads\/2023\/08\/KURTSAN-1EK2-2023-REVI_ZE.jpg\" data-elementor-open-lightbox=\"yes\" data-elementor-lightbox-title=\"KURTSAN-1EK2-2023 REVI_ZE\" data-e-action-hash=\"#elementor-action%3Aaction%3Dlightbox%26settings%3DeyJpZCI6NTQwNSwidXJsIjoiaHR0cHM6XC9cL2t1cnRzYW5mb29kLmNvbVwvZW5cL3dwLWNvbnRlbnRcL3VwbG9hZHNcLzIwMjNcLzA4XC9LVVJUU0FOLTFFSzItMjAyMy1SRVZJX1pFLmpwZyJ9\">\n\t\t\t\t\t\t\t<img fetchpriority=\"high\" decoding=\"async\" width=\"1700\" height=\"2338\" src=\"https:\/\/kurtsanfood.com\/en\/wp-content\/uploads\/2023\/08\/KURTSAN-1EK2-2023-REVI_ZE.jpg\" class=\"attachment-full size-full wp-image-5405\" alt=\"\" srcset=\"https:\/\/kurtsanfood.com\/en\/wp-content\/uploads\/2023\/08\/KURTSAN-1EK2-2023-REVI_ZE.jpg 1700w, https:\/\/kurtsanfood.com\/en\/wp-content\/uploads\/2023\/08\/KURTSAN-1EK2-2023-REVI_ZE-218x300.jpg 218w, https:\/\/kurtsanfood.com\/en\/wp-content\/uploads\/2023\/08\/KURTSAN-1EK2-2023-REVI_ZE-745x1024.jpg 745w, https:\/\/kurtsanfood.com\/en\/wp-content\/uploads\/2023\/08\/KURTSAN-1EK2-2023-REVI_ZE-768x1056.jpg 768w, https:\/\/kurtsanfood.com\/en\/wp-content\/uploads\/2023\/08\/KURTSAN-1EK2-2023-REVI_ZE-1117x1536.jpg 1117w, https:\/\/kurtsanfood.com\/en\/wp-content\/uploads\/2023\/08\/KURTSAN-1EK2-2023-REVI_ZE-1489x2048.jpg 1489w\" sizes=\"(max-width: 1700px) 100vw, 1700px\" \/>\t\t\t\t\t\t\t\t<\/a>\n\t\t\t\t\t\t\t\t\t\t\t\t\t\t\t<\/div>\n\t\t\t\t<\/div>\n\t\t\t\t\t<\/div>\n\t\t<\/div>\n\t\t\t\t<div class=\"elementor-column elementor-col-33 elementor-top-column elementor-element elementor-element-b66fb8b\" data-id=\"b66fb8b\" data-element_type=\"column\">\n\t\t\t<div class=\"elementor-widget-wrap elementor-element-populated\">\n\t\t\t\t\t\t<div class=\"elementor-element elementor-element-8f3351d elementor-widget elementor-widget-image\" data-id=\"8f3351d\" data-element_type=\"widget\" data-widget_type=\"image.default\">\n\t\t\t\t<div class=\"elementor-widget-container\">\n\t\t\t\t\t\t\t\t\t\t\t\t\t\t\t\t<a href=\"https:\/\/kurtsanfood.com\/en\/wp-content\/uploads\/2023\/08\/BURSA_KURTSAN_GIDA_2023_KOSHER_Certificate_KoKurtsan1-kosher-sertifika-2023_page-0001.jpg\" data-elementor-open-lightbox=\"yes\" data-elementor-lightbox-title=\"BURSA_KURTSAN_GIDA_2023_KOSHER_Certificate_KoKurtsan1 kosher sertifika 2023_page-0001\" data-e-action-hash=\"#elementor-action%3Aaction%3Dlightbox%26settings%3DeyJpZCI6NTQwNiwidXJsIjoiaHR0cHM6XC9cL2t1cnRzYW5mb29kLmNvbVwvZW5cL3dwLWNvbnRlbnRcL3VwbG9hZHNcLzIwMjNcLzA4XC9CVVJTQV9LVVJUU0FOX0dJREFfMjAyM19LT1NIRVJfQ2VydGlmaWNhdGVfS29LdXJ0c2FuMS1rb3NoZXItc2VydGlmaWthLTIwMjNfcGFnZS0wMDAxLmpwZyJ9\">\n\t\t\t\t\t\t\t<img decoding=\"async\" width=\"1241\" height=\"1755\" src=\"https:\/\/kurtsanfood.com\/en\/wp-content\/uploads\/2023\/08\/BURSA_KURTSAN_GIDA_2023_KOSHER_Certificate_KoKurtsan1-kosher-sertifika-2023_page-0001.jpg\" class=\"attachment-full size-full wp-image-5406\" alt=\"\" srcset=\"https:\/\/kurtsanfood.com\/en\/wp-content\/uploads\/2023\/08\/BURSA_KURTSAN_GIDA_2023_KOSHER_Certificate_KoKurtsan1-kosher-sertifika-2023_page-0001.jpg 1241w, https:\/\/kurtsanfood.com\/en\/wp-content\/uploads\/2023\/08\/BURSA_KURTSAN_GIDA_2023_KOSHER_Certificate_KoKurtsan1-kosher-sertifika-2023_page-0001-212x300.jpg 212w, https:\/\/kurtsanfood.com\/en\/wp-content\/uploads\/2023\/08\/BURSA_KURTSAN_GIDA_2023_KOSHER_Certificate_KoKurtsan1-kosher-sertifika-2023_page-0001-724x1024.jpg 724w, https:\/\/kurtsanfood.com\/en\/wp-content\/uploads\/2023\/08\/BURSA_KURTSAN_GIDA_2023_KOSHER_Certificate_KoKurtsan1-kosher-sertifika-2023_page-0001-768x1086.jpg 768w, https:\/\/kurtsanfood.com\/en\/wp-content\/uploads\/2023\/08\/BURSA_KURTSAN_GIDA_2023_KOSHER_Certificate_KoKurtsan1-kosher-sertifika-2023_page-0001-1086x1536.jpg 1086w\" sizes=\"(max-width: 1241px) 100vw, 1241px\" \/>\t\t\t\t\t\t\t\t<\/a>\n\t\t\t\t\t\t\t\t\t\t\t\t\t\t\t<\/div>\n\t\t\t\t<\/div>\n\t\t\t\t\t<\/div>\n\t\t<\/div>\n\t\t\t\t<div class=\"elementor-column elementor-col-33 elementor-top-column elementor-element elementor-element-bc001bd\" data-id=\"bc001bd\" data-element_type=\"column\">\n\t\t\t<div class=\"elementor-widget-wrap elementor-element-populated\">\n\t\t\t\t\t\t<div class=\"elementor-element elementor-element-4701c0b elementor-widget elementor-widget-image\" data-id=\"4701c0b\" data-element_type=\"widget\" data-widget_type=\"image.default\">\n\t\t\t\t<div class=\"elementor-widget-container\">\n\t\t\t\t\t\t\t\t\t\t\t\t\t\t\t\t<a href=\"https:\/\/kurtsanfood.com\/en\/wp-content\/uploads\/2023\/08\/BURSA_KURTSAN_GIDA_2023_KOSHER_Certificate_KoKurtsan1-kosher-sertifika-2023_page-0002.jpg\" data-elementor-open-lightbox=\"yes\" data-elementor-lightbox-title=\"BURSA_KURTSAN_GIDA_2023_KOSHER_Certificate_KoKurtsan1 kosher sertifika 2023_page-0002\" data-e-action-hash=\"#elementor-action%3Aaction%3Dlightbox%26settings%3DeyJpZCI6NTQwNywidXJsIjoiaHR0cHM6XC9cL2t1cnRzYW5mb29kLmNvbVwvZW5cL3dwLWNvbnRlbnRcL3VwbG9hZHNcLzIwMjNcLzA4XC9CVVJTQV9LVVJUU0FOX0dJREFfMjAyM19LT1NIRVJfQ2VydGlmaWNhdGVfS29LdXJ0c2FuMS1rb3NoZXItc2VydGlmaWthLTIwMjNfcGFnZS0wMDAyLmpwZyJ9\">\n\t\t\t\t\t\t\t<img decoding=\"async\" width=\"1241\" height=\"1755\" src=\"https:\/\/kurtsanfood.com\/en\/wp-content\/uploads\/2023\/08\/BURSA_KURTSAN_GIDA_2023_KOSHER_Certificate_KoKurtsan1-kosher-sertifika-2023_page-0002.jpg\" class=\"attachment-full size-full wp-image-5407\" alt=\"\" srcset=\"https:\/\/kurtsanfood.com\/en\/wp-content\/uploads\/2023\/08\/BURSA_KURTSAN_GIDA_2023_KOSHER_Certificate_KoKurtsan1-kosher-sertifika-2023_page-0002.jpg 1241w, https:\/\/kurtsanfood.com\/en\/wp-content\/uploads\/2023\/08\/BURSA_KURTSAN_GIDA_2023_KOSHER_Certificate_KoKurtsan1-kosher-sertifika-2023_page-0002-212x300.jpg 212w, https:\/\/kurtsanfood.com\/en\/wp-content\/uploads\/2023\/08\/BURSA_KURTSAN_GIDA_2023_KOSHER_Certificate_KoKurtsan1-kosher-sertifika-2023_page-0002-724x1024.jpg 724w, https:\/\/kurtsanfood.com\/en\/wp-content\/uploads\/2023\/08\/BURSA_KURTSAN_GIDA_2023_KOSHER_Certificate_KoKurtsan1-kosher-sertifika-2023_page-0002-768x1086.jpg 768w, https:\/\/kurtsanfood.com\/en\/wp-content\/uploads\/2023\/08\/BURSA_KURTSAN_GIDA_2023_KOSHER_Certificate_KoKurtsan1-kosher-sertifika-2023_page-0002-1086x1536.jpg 1086w\" sizes=\"(max-width: 1241px) 100vw, 1241px\" \/>\t\t\t\t\t\t\t\t<\/a>\n\t\t\t\t\t\t\t\t\t\t\t\t\t\t\t<\/div>\n\t\t\t\t<\/div>\n\t\t\t\t\t<\/div>\n\t\t<\/div>\n\t\t\t\t\t<\/div>\n\t\t<\/section>\n\t\t\t\t<section class=\"elementor-section elementor-top-section elementor-element elementor-element-a3886fe elementor-section-boxed elementor-section-height-default elementor-section-height-default\" data-id=\"a3886fe\" data-element_type=\"section\">\n\t\t\t\t\t\t<div class=\"elementor-container elementor-column-gap-default\">\n\t\t\t\t\t<div class=\"elementor-column elementor-col-33 elementor-top-column elementor-element elementor-element-d3b19be\" data-id=\"d3b19be\" data-element_type=\"column\">\n\t\t\t<div class=\"elementor-widget-wrap elementor-element-populated\">\n\t\t\t\t\t\t<div class=\"elementor-element elementor-element-1128c31 elementor-widget__width-initial elementor-widget elementor-widget-image\" data-id=\"1128c31\" data-element_type=\"widget\" data-widget_type=\"image.default\">\n\t\t\t\t<div class=\"elementor-widget-container\">\n\t\t\t\t\t\t\t\t\t\t\t\t\t\t\t\t<a href=\"https:\/\/kurtsanfood.com\/en\/wp-content\/uploads\/2023\/08\/Ekran-Alintisi.PNG3_.png\" data-elementor-open-lightbox=\"yes\" data-elementor-lightbox-title=\"Ekran Al\u0131nt\u0131s\u0131.PNG3\" data-e-action-hash=\"#elementor-action%3Aaction%3Dlightbox%26settings%3DeyJpZCI6NTQxMiwidXJsIjoiaHR0cHM6XC9cL2t1cnRzYW5mb29kLmNvbVwvZW5cL3dwLWNvbnRlbnRcL3VwbG9hZHNcLzIwMjNcLzA4XC9Fa3Jhbi1BbGludGlzaS5QTkczXy5wbmcifQ%3D%3D\">\n\t\t\t\t\t\t\t<img loading=\"lazy\" decoding=\"async\" width=\"384\" height=\"605\" src=\"https:\/\/kurtsanfood.com\/en\/wp-content\/uploads\/2023\/08\/Ekran-Alintisi.PNG3_.png\" class=\"attachment-full size-full wp-image-5412\" alt=\"\" srcset=\"https:\/\/kurtsanfood.com\/en\/wp-content\/uploads\/2023\/08\/Ekran-Alintisi.PNG3_.png 384w, https:\/\/kurtsanfood.com\/en\/wp-content\/uploads\/2023\/08\/Ekran-Alintisi.PNG3_-190x300.png 190w\" sizes=\"(max-width: 384px) 100vw, 384px\" \/>\t\t\t\t\t\t\t\t<\/a>\n\t\t\t\t\t\t\t\t\t\t\t\t\t\t\t<\/div>\n\t\t\t\t<\/div>\n\t\t\t\t\t<\/div>\n\t\t<\/div>\n\t\t\t\t<div class=\"elementor-column elementor-col-33 elementor-top-column elementor-element elementor-element-5a4caa3\" data-id=\"5a4caa3\" data-element_type=\"column\">\n\t\t\t<div class=\"elementor-widget-wrap elementor-element-populated\">\n\t\t\t\t\t\t<div class=\"elementor-element elementor-element-e053b4a elementor-widget elementor-widget-image\" data-id=\"e053b4a\" data-element_type=\"widget\" data-widget_type=\"image.default\">\n\t\t\t\t<div class=\"elementor-widget-container\">\n\t\t\t\t\t\t\t\t\t\t\t\t\t\t\t\t<a href=\"https:\/\/kurtsanfood.com\/en\/wp-content\/uploads\/2023\/08\/Ekran-Alintisi.PNG1_.png\" data-elementor-open-lightbox=\"yes\" data-elementor-lightbox-title=\"Ekran Al\u0131nt\u0131s\u0131.PNG1\" data-e-action-hash=\"#elementor-action%3Aaction%3Dlightbox%26settings%3DeyJpZCI6NTQxMSwidXJsIjoiaHR0cHM6XC9cL2t1cnRzYW5mb29kLmNvbVwvZW5cL3dwLWNvbnRlbnRcL3VwbG9hZHNcLzIwMjNcLzA4XC9Fa3Jhbi1BbGludGlzaS5QTkcxXy5wbmcifQ%3D%3D\">\n\t\t\t\t\t\t\t<img loading=\"lazy\" decoding=\"async\" width=\"479\" height=\"629\" src=\"https:\/\/kurtsanfood.com\/en\/wp-content\/uploads\/2023\/08\/Ekran-Alintisi.PNG1_.png\" class=\"attachment-full size-full wp-image-5411\" alt=\"\" srcset=\"https:\/\/kurtsanfood.com\/en\/wp-content\/uploads\/2023\/08\/Ekran-Alintisi.PNG1_.png 479w, https:\/\/kurtsanfood.com\/en\/wp-content\/uploads\/2023\/08\/Ekran-Alintisi.PNG1_-228x300.png 228w\" sizes=\"(max-width: 479px) 100vw, 479px\" \/>\t\t\t\t\t\t\t\t<\/a>\n\t\t\t\t\t\t\t\t\t\t\t\t\t\t\t<\/div>\n\t\t\t\t<\/div>\n\t\t\t\t\t<\/div>\n\t\t<\/div>\n\t\t\t\t<div class=\"elementor-column elementor-col-33 elementor-top-column elementor-element elementor-element-747b31b\" data-id=\"747b31b\" data-element_type=\"column\">\n\t\t\t<div class=\"elementor-widget-wrap elementor-element-populated\">\n\t\t\t\t\t\t<div class=\"elementor-element elementor-element-0cc4751 elementor-widget elementor-widget-image\" data-id=\"0cc4751\" data-element_type=\"widget\" data-widget_type=\"image.default\">\n\t\t\t\t<div class=\"elementor-widget-container\">\n\t\t\t\t\t\t\t\t\t\t\t\t\t\t\t\t<a href=\"https:\/\/kurtsanfood.com\/en\/wp-content\/uploads\/2023\/08\/GUNVIT-GUNCEL-PATENT-2023_page-0002.jpg\" data-elementor-open-lightbox=\"yes\" data-elementor-lightbox-title=\"G\u00dcNV\u0130T G\u00dcNCEL PATENT 2023_page-0002\" data-e-action-hash=\"#elementor-action%3Aaction%3Dlightbox%26settings%3DeyJpZCI6NTQwOCwidXJsIjoiaHR0cHM6XC9cL2t1cnRzYW5mb29kLmNvbVwvZW5cL3dwLWNvbnRlbnRcL3VwbG9hZHNcLzIwMjNcLzA4XC9HVU5WSVQtR1VOQ0VMLVBBVEVOVC0yMDIzX3BhZ2UtMDAwMi5qcGcifQ%3D%3D\">\n\t\t\t\t\t\t\t<img loading=\"lazy\" decoding=\"async\" width=\"1240\" height=\"1755\" src=\"https:\/\/kurtsanfood.com\/en\/wp-content\/uploads\/2023\/08\/GUNVIT-GUNCEL-PATENT-2023_page-0002.jpg\" class=\"attachment-full size-full wp-image-5408\" alt=\"\" srcset=\"https:\/\/kurtsanfood.com\/en\/wp-content\/uploads\/2023\/08\/GUNVIT-GUNCEL-PATENT-2023_page-0002.jpg 1240w, https:\/\/kurtsanfood.com\/en\/wp-content\/uploads\/2023\/08\/GUNVIT-GUNCEL-PATENT-2023_page-0002-212x300.jpg 212w, https:\/\/kurtsanfood.com\/en\/wp-content\/uploads\/2023\/08\/GUNVIT-GUNCEL-PATENT-2023_page-0002-724x1024.jpg 724w, https:\/\/kurtsanfood.com\/en\/wp-content\/uploads\/2023\/08\/GUNVIT-GUNCEL-PATENT-2023_page-0002-768x1087.jpg 768w, https:\/\/kurtsanfood.com\/en\/wp-content\/uploads\/2023\/08\/GUNVIT-GUNCEL-PATENT-2023_page-0002-1085x1536.jpg 1085w\" sizes=\"(max-width: 1240px) 100vw, 1240px\" \/>\t\t\t\t\t\t\t\t<\/a>\n\t\t\t\t\t\t\t\t\t\t\t\t\t\t\t<\/div>\n\t\t\t\t<\/div>\n\t\t\t\t\t<\/div>\n\t\t<\/div>\n\t\t\t\t\t<\/div>\n\t\t<\/section>\n\t\t\t\t<section class=\"elementor-section elementor-top-section elementor-element elementor-element-b1d4ae9 elementor-section-boxed elementor-section-height-default elementor-section-height-default\" data-id=\"b1d4ae9\" data-element_type=\"section\">\n\t\t\t\t\t\t<div class=\"elementor-container elementor-column-gap-default\">\n\t\t\t\t\t<div class=\"elementor-column elementor-col-100 elementor-top-column elementor-element elementor-element-d81c1c0\" data-id=\"d81c1c0\" data-element_type=\"column\">\n\t\t\t<div class=\"elementor-widget-wrap elementor-element-populated\">\n\t\t\t\t\t\t<div class=\"elementor-element elementor-element-e0a2a93 elementor-widget elementor-widget-image\" data-id=\"e0a2a93\" data-element_type=\"widget\" data-widget_type=\"image.default\">\n\t\t\t\t<div class=\"elementor-widget-container\">\n\t\t\t\t\t\t\t\t\t\t\t\t\t\t\t\t<a href=\"https:\/\/kurtsanfood.com\/en\/wp-content\/uploads\/2023\/08\/KURTSAN-GIDA-ISO-9001.2015.jpg\" data-elementor-open-lightbox=\"yes\" data-elementor-lightbox-title=\"KURTSAN GIDA ISO 9001.2015\" data-e-action-hash=\"#elementor-action%3Aaction%3Dlightbox%26settings%3DeyJpZCI6NTQxMywidXJsIjoiaHR0cHM6XC9cL2t1cnRzYW5mb29kLmNvbVwvZW5cL3dwLWNvbnRlbnRcL3VwbG9hZHNcLzIwMjNcLzA4XC9LVVJUU0FOLUdJREEtSVNPLTkwMDEuMjAxNS5qcGcifQ%3D%3D\">\n\t\t\t\t\t\t\t<img loading=\"lazy\" decoding=\"async\" width=\"1863\" height=\"1308\" src=\"https:\/\/kurtsanfood.com\/en\/wp-content\/uploads\/2023\/08\/KURTSAN-GIDA-ISO-9001.2015.jpg\" class=\"attachment-full size-full wp-image-5413\" alt=\"\" srcset=\"https:\/\/kurtsanfood.com\/en\/wp-content\/uploads\/2023\/08\/KURTSAN-GIDA-ISO-9001.2015.jpg 1863w, https:\/\/kurtsanfood.com\/en\/wp-content\/uploads\/2023\/08\/KURTSAN-GIDA-ISO-9001.2015-300x211.jpg 300w, https:\/\/kurtsanfood.com\/en\/wp-content\/uploads\/2023\/08\/KURTSAN-GIDA-ISO-9001.2015-1024x719.jpg 1024w, https:\/\/kurtsanfood.com\/en\/wp-content\/uploads\/2023\/08\/KURTSAN-GIDA-ISO-9001.2015-768x539.jpg 768w, https:\/\/kurtsanfood.com\/en\/wp-content\/uploads\/2023\/08\/KURTSAN-GIDA-ISO-9001.2015-1536x1078.jpg 1536w\" sizes=\"(max-width: 1863px) 100vw, 1863px\" \/>\t\t\t\t\t\t\t\t<\/a>\n\t\t\t\t\t\t\t\t\t\t\t\t\t\t\t<\/div>\n\t\t\t\t<\/div>\n\t\t\t\t\t<\/div>\n\t\t<\/div>\n\t\t\t\t\t<\/div>\n\t\t<\/section>\n\t\t\t\t<\/div>\n\t\t","protected":false},"excerpt":{"rendered":"<p>DOCUMENTS AND CERTIFICATES<\/p>\n","protected":false},"author":1,"featured_media":0,"parent":0,"menu_order":0,"comment_status":"closed","ping_status":"closed","template":"","meta":{"inline_featured_image":false,"_monsterinsights_skip_tracking":false,"_monsterinsights_sitenote_active":false,"_monsterinsights_sitenote_note":"","_monsterinsights_sitenote_category":0,"footnotes":""},"class_list":["post-4350","page","type-page","status-publish","hentry"],"aioseo_notices":[],"_links":{"self":[{"href":"https:\/\/kurtsanfood.com\/en\/wp-json\/wp\/v2\/pages\/4350","targetHints":{"allow":["GET"]}}],"collection":[{"href":"https:\/\/kurtsanfood.com\/en\/wp-json\/wp\/v2\/pages"}],"about":[{"href":"https:\/\/kurtsanfood.com\/en\/wp-json\/wp\/v2\/types\/page"}],"author":[{"embeddable":true,"href":"https:\/\/kurtsanfood.com\/en\/wp-json\/wp\/v2\/users\/1"}],"replies":[{"embeddable":true,"href":"https:\/\/kurtsanfood.com\/en\/wp-json\/wp\/v2\/comments?post=4350"}],"version-history":[{"count":34,"href":"https:\/\/kurtsanfood.com\/en\/wp-json\/wp\/v2\/pages\/4350\/revisions"}],"predecessor-version":[{"id":5512,"href":"https:\/\/kurtsanfood.com\/en\/wp-json\/wp\/v2\/pages\/4350\/revisions\/5512"}],"wp:attachment":[{"href":"https:\/\/kurtsanfood.com\/en\/wp-json\/wp\/v2\/media?parent=4350"}],"curies":[{"name":"wp","href":"https:\/\/api.w.org\/{rel}","templated":true}]}}