{"id":4348,"date":"2023-07-19T11:08:39","date_gmt":"2023-07-19T08:08:39","guid":{"rendered":"https:\/\/kurtsanfood.com\/en\/?page_id=4348"},"modified":"2023-08-09T12:53:00","modified_gmt":"2023-08-09T09:53:00","slug":"insan-kaynaklari","status":"publish","type":"page","link":"https:\/\/kurtsanfood.com\/en\/insan-kaynaklari\/","title":{"rendered":"HUMAN RESOURCES"},"content":{"rendered":"\t\t<div data-elementor-type=\"wp-page\" data-elementor-id=\"4348\" class=\"elementor elementor-4348\">\n\t\t\t\t\t\t<section class=\"elementor-section elementor-top-section elementor-element elementor-element-2025def elementor-section-stretched elementor-section-content-middle elementor-section-boxed elementor-section-height-default elementor-section-height-default\" data-id=\"2025def\" data-element_type=\"section\" data-settings=\"{&quot;stretch_section&quot;:&quot;section-stretched&quot;}\">\n\t\t\t\t\t\t<div class=\"elementor-container elementor-column-gap-extended\">\n\t\t\t\t\t<div class=\"elementor-column elementor-col-50 elementor-top-column elementor-element elementor-element-b7f50be\" data-id=\"b7f50be\" data-element_type=\"column\">\n\t\t\t<div class=\"elementor-widget-wrap elementor-element-populated\">\n\t\t\t\t\t\t<div class=\"elementor-element elementor-element-1b1319f elementor-invisible elementor-widget elementor-widget-apus_element_popup_video\" data-id=\"1b1319f\" data-element_type=\"widget\" data-settings=\"{&quot;_animation&quot;:&quot;scale&quot;}\" data-widget_type=\"apus_element_popup_video.default\">\n\t\t\t\t<div class=\"elementor-widget-container\">\n\t\t\t\t\t        <div class=\"widget-video \">\n            <div class=\"video-wrapper-inner  has-img\">\n                                    <div class=\"banner-image\">\n                        <div class=\"image-wrapper\"><img fetchpriority=\"high\" decoding=\"async\" width=\"610\" height=\"322\" src=\"https:\/\/kurtsanfood.com\/en\/wp-content\/uploads\/2023\/07\/kariyer.jpg\" class=\"attachment-full size-full\" alt=\"\" srcset=\"https:\/\/kurtsanfood.com\/en\/wp-content\/uploads\/2023\/07\/kariyer.jpg 610w, https:\/\/kurtsanfood.com\/en\/wp-content\/uploads\/2023\/07\/kariyer-300x158.jpg 300w\" sizes=\"(max-width: 610px) 100vw, 610px\" \/><\/div>                    <\/div>\n                                <a class=\"popup-video d-inline-flex align-items-center justify-content-center\" href=\"#\">\n                    <i class=\"flaticon-play\"><\/i>\n                <\/a>\n            <\/div>\n        <\/div>\n        \t\t\t\t<\/div>\n\t\t\t\t<\/div>\n\t\t\t\t\t<\/div>\n\t\t<\/div>\n\t\t\t\t<div class=\"elementor-column elementor-col-50 elementor-top-column elementor-element elementor-element-72424f6\" data-id=\"72424f6\" data-element_type=\"column\">\n\t\t\t<div class=\"elementor-widget-wrap elementor-element-populated\">\n\t\t\t\t\t\t<div class=\"elementor-element elementor-element-42ab0f5 elementor-invisible elementor-widget elementor-widget-heading\" data-id=\"42ab0f5\" data-element_type=\"widget\" data-settings=\"{&quot;_animation&quot;:&quot;slide-up&quot;}\" data-widget_type=\"heading.default\">\n\t\t\t\t<div class=\"elementor-widget-container\">\n\t\t\t\t\t<h2 class=\"elementor-heading-title elementor-size-default\">Kurtsan G\u0131da <span class=\"text-theme\">Human Resources<\/span> <\/h2>\t\t\t\t<\/div>\n\t\t\t\t<\/div>\n\t\t\t\t<div class=\"elementor-element elementor-element-9dad4fb elementor-invisible elementor-widget elementor-widget-text-editor\" data-id=\"9dad4fb\" data-element_type=\"widget\" data-settings=\"{&quot;_animation&quot;:&quot;slide-up&quot;,&quot;_animation_delay&quot;:200}\" data-widget_type=\"text-editor.default\">\n\t\t\t\t<div class=\"elementor-widget-container\">\n\t\t\t\t\t\t\t\t\t<p><strong>We thought of a career for you too!<\/strong><\/p><p>Kurtsan G\u0131da Tar\u0131m \u00dcr\u00fcnleri \u0130malat \u0130thalat \u0130hracat San. ve Tic. Ltd. \u015eti aims to recruit talented people who are suitable for the company&#8217;s goals and culture in order to achieve its quality targets. The human resources department evaluates all applications and directs candidates with suitable resumes for open positions to the relevant unit official for an interview.<\/p><p>You will work in one of Bursa&#8217;s reputable companies and you will see your own labor and power in every success we have achieved. Welcome to us already&#8230; You can send your CV to our company via our e-mail address <a href=\"mailto:kurtsan@kurtsanfood.com\">kurtsan@kurtsanfood.com<\/a><\/p>\t\t\t\t\t\t\t\t<\/div>\n\t\t\t\t<\/div>\n\t\t\t\t\t<\/div>\n\t\t<\/div>\n\t\t\t\t\t<\/div>\n\t\t<\/section>\n\t\t\t\t<\/div>\n\t\t","protected":false},"excerpt":{"rendered":"<p>Kurtsan G\u0131da Human Resources We thought of a career for you too! Kurtsan G\u0131da Tar\u0131m \u00dcr\u00fcnleri \u0130malat \u0130thalat \u0130hracat San. ve Tic. Ltd. \u015eti aims to recruit talented people who are suitable for the company&#8217;s goals and culture in order to achieve its quality targets. The human resources department evaluates all applications and directs candidates [&hellip;]<\/p>\n","protected":false},"author":1,"featured_media":0,"parent":0,"menu_order":0,"comment_status":"closed","ping_status":"closed","template":"","meta":{"inline_featured_image":false,"_monsterinsights_skip_tracking":false,"_monsterinsights_sitenote_active":false,"_monsterinsights_sitenote_note":"","_monsterinsights_sitenote_category":0,"footnotes":""},"class_list":["post-4348","page","type-page","status-publish","hentry"],"aioseo_notices":[],"_links":{"self":[{"href":"https:\/\/kurtsanfood.com\/en\/wp-json\/wp\/v2\/pages\/4348","targetHints":{"allow":["GET"]}}],"collection":[{"href":"https:\/\/kurtsanfood.com\/en\/wp-json\/wp\/v2\/pages"}],"about":[{"href":"https:\/\/kurtsanfood.com\/en\/wp-json\/wp\/v2\/types\/page"}],"author":[{"embeddable":true,"href":"https:\/\/kurtsanfood.com\/en\/wp-json\/wp\/v2\/users\/1"}],"replies":[{"embeddable":true,"href":"https:\/\/kurtsanfood.com\/en\/wp-json\/wp\/v2\/comments?post=4348"}],"version-history":[{"count":39,"href":"https:\/\/kurtsanfood.com\/en\/wp-json\/wp\/v2\/pages\/4348\/revisions"}],"predecessor-version":[{"id":5474,"href":"https:\/\/kurtsanfood.com\/en\/wp-json\/wp\/v2\/pages\/4348\/revisions\/5474"}],"wp:attachment":[{"href":"https:\/\/kurtsanfood.com\/en\/wp-json\/wp\/v2\/media?parent=4348"}],"curies":[{"name":"wp","href":"https:\/\/api.w.org\/{rel}","templated":true}]}}